{"id":9978,"date":"2023-12-18T00:48:14","date_gmt":"2023-12-17T23:48:14","guid":{"rendered":"https:\/\/impactpromotion.fr\/?page_id=9978"},"modified":"2023-12-19T00:58:39","modified_gmt":"2023-12-18T23:58:39","slug":"clos-leopoldine0","status":"publish","type":"page","link":"https:\/\/impactpromotion.fr\/index.php\/clos-leopoldine0\/","title":{"rendered":"CLOS LEOPOLDINE 0"},"content":{"rendered":"<section class=\"wpb-content-wrapper\"><p>[vc_row][vc_column][\/vc_column][\/vc_row][vc_row][vc_column width=\u00a0\u00bb1\/2&Prime;][vc_empty_space height=\u00a0\u00bb260px\u00a0\u00bb woodmart_hide_large=\u00a0\u00bb0&Prime; woodmart_hide_medium=\u00a0\u00bb0&Prime; woodmart_hide_small=\u00a0\u00bb0&Prime;][vc_raw_html]JTNDY2VudGVyJTNFJTNDcCUyMHN0eWxlJTNEJTIyY29sb3IlM0ElMjMwMDAlMjIlM0IlM0VBY2N1ZWlsJTIwJTJGJTIwUiVDMyVBOXNpZGVudGllbCUyMCUyRiUyMDI2MDAwJTIwVmFsZW5jZSUzQyUyRnAlM0UlMjAlMEElMEElM0NIMSUyMHN0eWxlJTNEJTIyY29sb3IlM0ElMjMwMDAlMjIuJTNFQ0xPUyUyMExFT1BPTERJTkUlM0MlMkZINSUzRSUwQSUwQSUzQ2g1JTIwc3R5bGUlM0QlMjJjb2xvciUzQSUyMzAwMCUyMiUzQiUzRTRBdmVudWUlMjBWaWN0b3IlMjBIdWdvJTIwMjYwMDAlMjBWYWxlbmNlJTBBJUUyJTg3JUIxJTIwMjcwMG0yJTIwRGl2aXNpYmxlJTIwJUMzJUEwJTIwcGFydGlyJTIwZGUlMjA3M20yJTNDJTJGaDUlM0UlM0MlMkZjZW50ZXIlM0U=[\/vc_raw_html][\/vc_column][vc_column width=\u00a0\u00bb1\/2&Prime;][vc_single_image image=\u00a0\u00bb9947&Prime; img_size=\u00a0\u00bblarge\u00a0\u00bb parallax_scroll=\u00a0\u00bbno\u00a0\u00bb woodmart_inline=\u00a0\u00bbno\u00a0\u00bb][\/vc_column][\/vc_row][vc_row][vc_column width=\u00a0\u00bb1\/2&Prime;][vc_raw_html]JTNDaWZyYW1lJTIwc3JjJTNEJTIyaHR0cHMlM0ElMkYlMkZ3d3cuZ29vZ2xlLmNvbSUyRm1hcHMlMkZlbWJlZCUzRnBiJTNEJTIxMW0xOCUyMTFtMTIlMjExbTMlMjExZDI4MjUuMjQ5OTc2MjY1ODA0JTIxMmQ0Ljg4Mjk0MTA3NjA0NDA1NCUyMTNkNDQuOTE4MjUxNzY5Njk5NzElMjEybTMlMjExZjAlMjEyZjAlMjEzZjAlMjEzbTIlMjExaTEwMjQlMjEyaTc2OCUyMTRmMTMuMSUyMTNtMyUyMTFtMiUyMTFzMHg0N2Y1NTgyMzRhYmY4NGIzJTI1M0EweDMyYmFjMjQzNTgyZjg0NzUlMjEyc0F2LiUyNTIwVmljdG9yJTI1MjBIdWdvJTI1MkMlMjUyMDI2MDAwJTI1MjBWYWxlbmNlJTI1MkMlMjUyMEZyYW5jZSUyMTVlMCUyMTNtMiUyMTFzZnIlMjEyc21hJTIxNHYxNzAyODU2OTkzMjIxJTIxNW0yJTIxMXNmciUyMTJzbWElMjIlMjB3aWR0aCUzRCUyMjYwMCUyMiUyMGhlaWdodCUzRCUyMjQ1MCUyMiUyMHN0eWxlJTNEJTIyYm9yZGVyJTNBMCUzQiUyMiUyMGFsbG93ZnVsbHNjcmVlbiUzRCUyMiUyMiUyMGxvYWRpbmclM0QlMjJsYXp5JTIyJTIwcmVmZXJyZXJwb2xpY3klM0QlMjJuby1yZWZlcnJlci13aGVuLWRvd25ncmFkZSUyMiUzRSUzQyUyRmlmcmFtZSUzRQ==[\/vc_raw_html][\/vc_column][vc_column width=\u00a0\u00bb1\/2&Prime;][vc_empty_space height=\u00a0\u00bb100px\u00a0\u00bb woodmart_hide_large=\u00a0\u00bb0&Prime; woodmart_hide_medium=\u00a0\u00bb0&Prime; woodmart_hide_small=\u00a0\u00bb0&Prime;]\t\t<div id=\"wd-657f8930a1c8e\" class=\"wd-text-block wd-wpb reset-last-child wd-rs-657f8930a1c8e text-left \">\n\t\t\t<p><span style=\"color: #000000;\"><strong>Pr\u00e9sentation du programme:<\/strong><\/span><br \/>\n<span style=\"color: #000000;\">Notre programme CLOS LEOPOLDINE b\u00e9n\u00e9ficie d\u2019une situation exceptionnelle, en plein c\u0153ur de Valence. Compos\u00e9 de deux b\u00e2timents destin\u00e9s aux bureaux et locaux d\u2019activit\u00e9s. Chaque espace est modulable dans la superficie et les am\u00e9nagements pour r\u00e9pondre aux besoins de chaque entreprise.<\/span><\/p>\n\t\t<\/div>\n\t\t[\/vc_column][\/vc_row][vc_row][vc_column][\/vc_column][\/vc_row]<\/p>\n<\/section>","protected":false},"excerpt":{"rendered":"<p>[vc_row][vc_column][\/vc_column][\/vc_row][vc_row][vc_column width=\u00a0\u00bb1\/2&Prime;][vc_empty_space height=\u00a0\u00bb260px\u00a0\u00bb woodmart_hide_large=\u00a0\u00bb0&Prime; woodmart_hide_medium=\u00a0\u00bb0&Prime; woodmart_hide_small=\u00a0\u00bb0&Prime;][vc_raw_html]JTNDY2VudGVyJTNFJTNDcCUyMHN0eWxlJTNEJTIyY29sb3IlM0ElMjMwMDAlMjIlM0IlM0VBY2N1ZWlsJTIwJTJGJTIwUiVDMyVBOXNpZGVudGllbCUyMCUyRiUyMDI2MDAwJTIwVmFsZW5jZSUzQyUyRnAlM0UlMjAlMEElMEElM0NIMSUyMHN0eWxlJTNEJTIyY29sb3IlM0ElMjMwMDAlMjIuJTNFQ0xPUyUyMExFT1BPTERJTkUlM0MlMkZINSUzRSUwQSUwQSUzQ2g1JTIwc3R5bGUlM0QlMjJjb2xvciUzQSUyMzAwMCUyMiUzQiUzRTRBdmVudWUlMjBWaWN0b3IlMjBIdWdvJTIwMjYwMDAlMjBWYWxlbmNlJTBBJUUyJTg3JUIxJTIwMjcwMG0yJTIwRGl2aXNpYmxlJTIwJUMzJUEwJTIwcGFydGlyJTIwZGUlMjA3M20yJTNDJTJGaDUlM0UlM0MlMkZjZW50ZXIlM0U=[\/vc_raw_html][\/vc_column][vc_column width=\u00a0\u00bb1\/2&Prime;][vc_single_image image=\u00a0\u00bb9947&Prime; img_size=\u00a0\u00bblarge\u00a0\u00bb parallax_scroll=\u00a0\u00bbno\u00a0\u00bb woodmart_inline=\u00a0\u00bbno\u00a0\u00bb][\/vc_column][\/vc_row][vc_row][vc_column width=\u00a0\u00bb1\/2&Prime;][vc_raw_html]JTNDaWZyYW1lJTIwc3JjJTNEJTIyaHR0cHMlM0ElMkYlMkZ3d3cuZ29vZ2xlLmNvbSUyRm1hcHMlMkZlbWJlZCUzRnBiJTNEJTIxMW0xOCUyMTFtMTIlMjExbTMlMjExZDI4MjUuMjQ5OTc2MjY1ODA0JTIxMmQ0Ljg4Mjk0MTA3NjA0NDA1NCUyMTNkNDQuOTE4MjUxNzY5Njk5NzElMjEybTMlMjExZjAlMjEyZjAlMjEzZjAlMjEzbTIlMjExaTEwMjQlMjEyaTc2OCUyMTRmMTMuMSUyMTNtMyUyMTFtMiUyMTFzMHg0N2Y1NTgyMzRhYmY4NGIzJTI1M0EweDMyYmFjMjQzNTgyZjg0NzUlMjEyc0F2LiUyNTIwVmljdG9yJTI1MjBIdWdvJTI1MkMlMjUyMDI2MDAwJTI1MjBWYWxlbmNlJTI1MkMlMjUyMEZyYW5jZSUyMTVlMCUyMTNtMiUyMTFzZnIlMjEyc21hJTIxNHYxNzAyODU2OTkzMjIxJTIxNW0yJTIxMXNmciUyMTJzbWElMjIlMjB3aWR0aCUzRCUyMjYwMCUyMiUyMGhlaWdodCUzRCUyMjQ1MCUyMiUyMHN0eWxlJTNEJTIyYm9yZGVyJTNBMCUzQiUyMiUyMGFsbG93ZnVsbHNjcmVlbiUzRCUyMiUyMiUyMGxvYWRpbmclM0QlMjJsYXp5JTIyJTIwcmVmZXJyZXJwb2xpY3klM0QlMjJuby1yZWZlcnJlci13aGVuLWRvd25ncmFkZSUyMiUzRSUzQyUyRmlmcmFtZSUzRQ==[\/vc_raw_html][\/vc_column][vc_column width=\u00a0\u00bb1\/2&Prime;][vc_empty_space height=\u00a0\u00bb100px\u00a0\u00bb woodmart_hide_large=\u00a0\u00bb0&Prime; woodmart_hide_medium=\u00a0\u00bb0&Prime; woodmart_hide_small=\u00a0\u00bb0&Prime;][\/vc_column][\/vc_row][vc_row][vc_column][\/vc_column][\/vc_row]<\/p>\n","protected":false},"author":1,"featured_media":0,"parent":0,"menu_order":0,"comment_status":"closed","ping_status":"closed","template":"","meta":{"om_disable_all_campaigns":false,"_monsterinsights_skip_tracking":false,"_monsterinsights_sitenote_active":false,"_monsterinsights_sitenote_note":"","_monsterinsights_sitenote_category":0,"footnotes":""},"class_list":["post-9978","page","type-page","status-publish","hentry"],"aioseo_notices":[],"_links":{"self":[{"href":"https:\/\/impactpromotion.fr\/index.php\/wp-json\/wp\/v2\/pages\/9978","targetHints":{"allow":["GET"]}}],"collection":[{"href":"https:\/\/impactpromotion.fr\/index.php\/wp-json\/wp\/v2\/pages"}],"about":[{"href":"https:\/\/impactpromotion.fr\/index.php\/wp-json\/wp\/v2\/types\/page"}],"author":[{"embeddable":true,"href":"https:\/\/impactpromotion.fr\/index.php\/wp-json\/wp\/v2\/users\/1"}],"replies":[{"embeddable":true,"href":"https:\/\/impactpromotion.fr\/index.php\/wp-json\/wp\/v2\/comments?post=9978"}],"version-history":[{"count":3,"href":"https:\/\/impactpromotion.fr\/index.php\/wp-json\/wp\/v2\/pages\/9978\/revisions"}],"predecessor-version":[{"id":10084,"href":"https:\/\/impactpromotion.fr\/index.php\/wp-json\/wp\/v2\/pages\/9978\/revisions\/10084"}],"wp:attachment":[{"href":"https:\/\/impactpromotion.fr\/index.php\/wp-json\/wp\/v2\/media?parent=9978"}],"curies":[{"name":"wp","href":"https:\/\/api.w.org\/{rel}","templated":true}]}}