{"id":10910,"date":"2024-10-14T11:31:27","date_gmt":"2024-10-14T09:31:27","guid":{"rendered":"https:\/\/impactpromotion.fr\/?page_id=10910"},"modified":"2024-10-14T14:46:25","modified_gmt":"2024-10-14T12:46:25","slug":"space-europe","status":"publish","type":"page","link":"https:\/\/impactpromotion.fr\/index.php\/space-europe\/","title":{"rendered":"S\u00b0PACE EUROPE"},"content":{"rendered":"<section class=\"wpb-content-wrapper\"><p>[vc_row][vc_column][vc_single_image image=\u00a0\u00bb10918&Prime; img_size=\u00a0\u00bblarge\u00a0\u00bb alignment=\u00a0\u00bbcenter\u00a0\u00bb css_animation=\u00a0\u00bbwd-slide-from-bottom\u00a0\u00bb parallax_scroll=\u00a0\u00bbno\u00a0\u00bb woodmart_inline=\u00a0\u00bbno\u00a0\u00bb][\/vc_column][\/vc_row][vc_row full_width=\u00a0\u00bbstretch_row_content\u00a0\u00bb content_placement=\u00a0\u00bbmiddle\u00a0\u00bb css=\u00a0\u00bb.vc_custom_1639408954356{margin-bottom: 80px !important;background-position: 0 0 !important;background-repeat: no-repeat !important;}\u00a0\u00bb woodmart_parallax=\u00a0\u00bb0&Prime; woodmart_gradient_switch=\u00a0\u00bbno\u00a0\u00bb row_reverse_mobile=\u00a0\u00bb0&Prime; row_reverse_tablet=\u00a0\u00bb0&Prime; woodmart_disable_overflow=\u00a0\u00bb0&Prime; woodmart_css_id=\u00a0\u00bb61b765358e48e\u00a0\u00bb responsive_spacing=\u00a0\u00bbeyJwYXJhbV90eXBlIjoid29vZG1hcnRfcmVzcG9uc2l2ZV9zcGFjaW5nIiwic2VsZWN0b3JfaWQiOiI2MWI3NjUzNThlNDhlIiwic2hvcnRjb2RlIjoidmNfcm93IiwiZGF0YSI6eyJ0YWJsZXQiOnt9LCJtb2JpbGUiOnt9fX0=\u00a0\u00bb mobile_bg_img_hidden=\u00a0\u00bbno\u00a0\u00bb tablet_bg_img_hidden=\u00a0\u00bbno\u00a0\u00bb woodmart_box_shadow=\u00a0\u00bbno\u00a0\u00bb wd_z_index=\u00a0\u00bbno\u00a0\u00bb][vc_column width=\u00a0\u00bb1\/2&Prime; woodmart_color_scheme=\u00a0\u00bblight\u00a0\u00bb woodmart_bg_position=\u00a0\u00bbright-bottom\u00a0\u00bb css=\u00a0\u00bb.vc_custom_1704218934335{padding-top: 40px !important;background-color: #38c9bf !important;background-position: 0 0 !important;background-repeat: no-repeat !important;}\u00a0\u00bb el_class=\u00a0\u00bbbg-align-right\u00a0\u00bb offset=\u00a0\u00bbvc_col-lg-3 vc_col-md-3 vc_col-xs-12&Prime; woodmart_parallax=\u00a0\u00bb0&Prime; parallax_scroll=\u00a0\u00bbno\u00a0\u00bb woodmart_sticky_column=\u00a0\u00bbfalse\u00a0\u00bb woodmart_css_id=\u00a0\u00bb6594511582dbb\u00a0\u00bb wd_collapsible_content_switcher=\u00a0\u00bbno\u00a0\u00bb mobile_bg_img_hidden=\u00a0\u00bbno\u00a0\u00bb tablet_bg_img_hidden=\u00a0\u00bbno\u00a0\u00bb woodmart_box_shadow=\u00a0\u00bbno\u00a0\u00bb mobile_reset_margin=\u00a0\u00bbno\u00a0\u00bb tablet_reset_margin=\u00a0\u00bbno\u00a0\u00bb wd_z_index=\u00a0\u00bbno\u00a0\u00bb responsive_spacing=\u00a0\u00bbeyJwYXJhbV90eXBlIjoid29vZG1hcnRfcmVzcG9uc2l2ZV9zcGFjaW5nIiwic2VsZWN0b3JfaWQiOiI2NTk0NTExNTgyZGJiIiwic2hvcnRjb2RlIjoidmNfY29sdW1uIiwiZGF0YSI6eyJ0YWJsZXQiOnt9LCJtb2JpbGUiOnt9fX0=\u00a0\u00bb wd_column_role_offcanvas_desktop=\u00a0\u00bbno\u00a0\u00bb wd_column_role_offcanvas_tablet=\u00a0\u00bbno\u00a0\u00bb wd_column_role_offcanvas_mobile=\u00a0\u00bbno\u00a0\u00bb wd_column_role_content_desktop=\u00a0\u00bbno\u00a0\u00bb wd_column_role_content_tablet=\u00a0\u00bbno\u00a0\u00bb wd_column_role_content_mobile=\u00a0\u00bbno\u00a0\u00bb][vc_column_text woodmart_inline=\u00a0\u00bbno\u00a0\u00bb text_larger=\u00a0\u00bbno\u00a0\u00bb]<\/p>\n<p style=\"text-align: center;\">Avenue de l&rsquo;Europe<\/p>\n<p>[\/vc_column_text][vc_column_text woodmart_inline=\u00a0\u00bbno\u00a0\u00bb text_larger=\u00a0\u00bbno\u00a0\u00bb]<\/p>\n<h4 style=\"text-align: center;\">Grenoble 38100<\/h4>\n<p>&nbsp;[\/vc_column_text][vc_icon icon_fontawesome=\u00a0\u00bbfas fa-map-marker-alt\u00a0\u00bb color=\u00a0\u00bbwhite\u00a0\u00bb background_style=\u00a0\u00bbrounded-outline\u00a0\u00bb align=\u00a0\u00bbcenter\u00a0\u00bb css_animation=\u00a0\u00bbflipInY\u00a0\u00bb][\/vc_column][vc_column width=\u00a0\u00bb1\/2&Prime; woodmart_color_scheme=\u00a0\u00bblight\u00a0\u00bb woodmart_bg_position=\u00a0\u00bbright-bottom\u00a0\u00bb css=\u00a0\u00bb.vc_custom_1704218860671{padding-top: 40px !important;background-color: #38c9bf !important;background-position: 0 0 !important;background-repeat: no-repeat !important;}\u00a0\u00bb el_class=\u00a0\u00bbbg-align-right\u00a0\u00bb offset=\u00a0\u00bbvc_col-lg-3 vc_col-md-3 vc_col-xs-12&Prime; woodmart_parallax=\u00a0\u00bb0&Prime; parallax_scroll=\u00a0\u00bbno\u00a0\u00bb woodmart_sticky_column=\u00a0\u00bbfalse\u00a0\u00bb woodmart_css_id=\u00a0\u00bb659450db14ff5&Prime; wd_collapsible_content_switcher=\u00a0\u00bbno\u00a0\u00bb mobile_bg_img_hidden=\u00a0\u00bbno\u00a0\u00bb tablet_bg_img_hidden=\u00a0\u00bbno\u00a0\u00bb woodmart_box_shadow=\u00a0\u00bbno\u00a0\u00bb mobile_reset_margin=\u00a0\u00bbno\u00a0\u00bb tablet_reset_margin=\u00a0\u00bbno\u00a0\u00bb wd_z_index=\u00a0\u00bbno\u00a0\u00bb responsive_spacing=\u00a0\u00bbeyJwYXJhbV90eXBlIjoid29vZG1hcnRfcmVzcG9uc2l2ZV9zcGFjaW5nIiwic2VsZWN0b3JfaWQiOiI2NTk0NTBkYjE0ZmY1Iiwic2hvcnRjb2RlIjoidmNfY29sdW1uIiwiZGF0YSI6eyJ0YWJsZXQiOnt9LCJtb2JpbGUiOnt9fX0=\u00a0\u00bb wd_column_role_offcanvas_desktop=\u00a0\u00bbno\u00a0\u00bb wd_column_role_offcanvas_tablet=\u00a0\u00bbno\u00a0\u00bb wd_column_role_offcanvas_mobile=\u00a0\u00bbno\u00a0\u00bb wd_column_role_content_desktop=\u00a0\u00bbno\u00a0\u00bb wd_column_role_content_tablet=\u00a0\u00bbno\u00a0\u00bb wd_column_role_content_mobile=\u00a0\u00bbno\u00a0\u00bb][vc_column_text woodmart_inline=\u00a0\u00bbno\u00a0\u00bb text_larger=\u00a0\u00bbno\u00a0\u00bb]<\/p>\n<p style=\"text-align: center;\">Surface<\/p>\n<p>[\/vc_column_text][vc_column_text woodmart_inline=\u00a0\u00bbno\u00a0\u00bb text_larger=\u00a0\u00bbno\u00a0\u00bb]<\/p>\n<h4 style=\"text-align: center;\">15 200 m\u00b2<\/h4>\n<p>&nbsp;[\/vc_column_text][vc_icon icon_fontawesome=\u00a0\u00bbfas fa-ruler\u00a0\u00bb color=\u00a0\u00bbwhite\u00a0\u00bb background_style=\u00a0\u00bbrounded-outline\u00a0\u00bb align=\u00a0\u00bbcenter\u00a0\u00bb css_animation=\u00a0\u00bbflipInY\u00a0\u00bb][\/vc_column][vc_column width=\u00a0\u00bb1\/2&Prime; woodmart_color_scheme=\u00a0\u00bblight\u00a0\u00bb woodmart_bg_position=\u00a0\u00bbright-bottom\u00a0\u00bb css=\u00a0\u00bb.vc_custom_1704218782919{padding-top: 40px !important;background-color: #38c9bf !important;background-position: 0 0 !important;background-repeat: no-repeat !important;}\u00a0\u00bb el_class=\u00a0\u00bbbg-align-right\u00a0\u00bb offset=\u00a0\u00bbvc_col-lg-3 vc_col-md-3 vc_col-xs-12&Prime; woodmart_parallax=\u00a0\u00bb0&Prime; parallax_scroll=\u00a0\u00bbno\u00a0\u00bb woodmart_sticky_column=\u00a0\u00bbfalse\u00a0\u00bb woodmart_css_id=\u00a0\u00bb659450867f947&Prime; wd_collapsible_content_switcher=\u00a0\u00bbno\u00a0\u00bb mobile_bg_img_hidden=\u00a0\u00bbno\u00a0\u00bb tablet_bg_img_hidden=\u00a0\u00bbno\u00a0\u00bb woodmart_box_shadow=\u00a0\u00bbno\u00a0\u00bb mobile_reset_margin=\u00a0\u00bbno\u00a0\u00bb tablet_reset_margin=\u00a0\u00bbno\u00a0\u00bb wd_z_index=\u00a0\u00bbno\u00a0\u00bb responsive_spacing=\u00a0\u00bbeyJwYXJhbV90eXBlIjoid29vZG1hcnRfcmVzcG9uc2l2ZV9zcGFjaW5nIiwic2VsZWN0b3JfaWQiOiI2NTk0NTA4NjdmOTQ3Iiwic2hvcnRjb2RlIjoidmNfY29sdW1uIiwiZGF0YSI6eyJ0YWJsZXQiOnt9LCJtb2JpbGUiOnt9fX0=\u00a0\u00bb wd_column_role_offcanvas_desktop=\u00a0\u00bbno\u00a0\u00bb wd_column_role_offcanvas_tablet=\u00a0\u00bbno\u00a0\u00bb wd_column_role_offcanvas_mobile=\u00a0\u00bbno\u00a0\u00bb wd_column_role_content_desktop=\u00a0\u00bbno\u00a0\u00bb wd_column_role_content_tablet=\u00a0\u00bbno\u00a0\u00bb wd_column_role_content_mobile=\u00a0\u00bbno\u00a0\u00bb][vc_column_text woodmart_inline=\u00a0\u00bbno\u00a0\u00bb text_larger=\u00a0\u00bbno\u00a0\u00bb]<\/p>\n<p style=\"text-align: center;\">Divisibilit\u00e9<\/p>\n<p>[\/vc_column_text][vc_column_text woodmart_inline=\u00a0\u00bbno\u00a0\u00bb text_larger=\u00a0\u00bbno\u00a0\u00bb]<\/p>\n<h4 class=\"p1\" style=\"text-align: center;\">\u00c0 partir de 150 m\u00b2<\/h4>\n<p>&nbsp;[\/vc_column_text][vc_icon icon_fontawesome=\u00a0\u00bbfar fa-building\u00a0\u00bb color=\u00a0\u00bbwhite\u00a0\u00bb background_style=\u00a0\u00bbrounded-outline\u00a0\u00bb align=\u00a0\u00bbcenter\u00a0\u00bb css_animation=\u00a0\u00bbflipInY\u00a0\u00bb][\/vc_column][vc_column width=\u00a0\u00bb1\/2&Prime; woodmart_color_scheme=\u00a0\u00bblight\u00a0\u00bb woodmart_bg_position=\u00a0\u00bbright-bottom\u00a0\u00bb css=\u00a0\u00bb.vc_custom_1704218703178{padding-top: 40px !important;background-color: #38c9bf !important;background-position: 0 0 !important;background-repeat: no-repeat !important;}\u00a0\u00bb el_class=\u00a0\u00bbbg-align-right\u00a0\u00bb offset=\u00a0\u00bbvc_col-lg-3 vc_col-md-3 vc_col-xs-12&Prime; woodmart_parallax=\u00a0\u00bb0&Prime; parallax_scroll=\u00a0\u00bbno\u00a0\u00bb woodmart_sticky_column=\u00a0\u00bbfalse\u00a0\u00bb woodmart_css_id=\u00a0\u00bb65944fe23b6ae\u00a0\u00bb wd_collapsible_content_switcher=\u00a0\u00bbno\u00a0\u00bb mobile_bg_img_hidden=\u00a0\u00bbno\u00a0\u00bb tablet_bg_img_hidden=\u00a0\u00bbno\u00a0\u00bb woodmart_box_shadow=\u00a0\u00bbno\u00a0\u00bb mobile_reset_margin=\u00a0\u00bbno\u00a0\u00bb tablet_reset_margin=\u00a0\u00bbno\u00a0\u00bb wd_z_index=\u00a0\u00bbno\u00a0\u00bb responsive_spacing=\u00a0\u00bbeyJwYXJhbV90eXBlIjoid29vZG1hcnRfcmVzcG9uc2l2ZV9zcGFjaW5nIiwic2VsZWN0b3JfaWQiOiI2NTk0NGZlMjNiNmFlIiwic2hvcnRjb2RlIjoidmNfY29sdW1uIiwiZGF0YSI6eyJ0YWJsZXQiOnt9LCJtb2JpbGUiOnt9fX0=\u00a0\u00bb wd_column_role_offcanvas_desktop=\u00a0\u00bbno\u00a0\u00bb wd_column_role_offcanvas_tablet=\u00a0\u00bbno\u00a0\u00bb wd_column_role_offcanvas_mobile=\u00a0\u00bbno\u00a0\u00bb wd_column_role_content_desktop=\u00a0\u00bbno\u00a0\u00bb wd_column_role_content_tablet=\u00a0\u00bbno\u00a0\u00bb wd_column_role_content_mobile=\u00a0\u00bbno\u00a0\u00bb][vc_column_text woodmart_inline=\u00a0\u00bbno\u00a0\u00bb text_larger=\u00a0\u00bbno\u00a0\u00bb]<\/p>\n<p style=\"text-align: center;\">Livraison<\/p>\n<div id=\"gtx-trans\" style=\"position: absolute; left: 343px; top: 38px;\">\n<div class=\"gtx-trans-icon\"><\/div>\n<\/div>\n<p>[\/vc_column_text][vc_column_text woodmart_inline=\u00a0\u00bbno\u00a0\u00bb text_larger=\u00a0\u00bbno\u00a0\u00bb]<\/p>\n<h4 class=\"p1\" style=\"text-align: center;\">2026<\/h4>\n<p>&nbsp;[\/vc_column_text][vc_icon icon_fontawesome=\u00a0\u00bbfas fa-calendar\u00a0\u00bb color=\u00a0\u00bbwhite\u00a0\u00bb background_style=\u00a0\u00bbrounded-outline\u00a0\u00bb align=\u00a0\u00bbcenter\u00a0\u00bb css_animation=\u00a0\u00bbflipInY\u00a0\u00bb][\/vc_column][\/vc_row][vc_row][vc_column width=\u00a0\u00bb1\/2&Prime;][vc_empty_space height=\u00a0\u00bb62px\u00a0\u00bb woodmart_hide_large=\u00a0\u00bb0&Prime; woodmart_hide_medium=\u00a0\u00bb0&Prime; woodmart_hide_small=\u00a0\u00bb0&Prime;][vc_column_text woodmart_inline=\u00a0\u00bbno\u00a0\u00bb text_larger=\u00a0\u00bbno\u00a0\u00bb]<\/p>\n<h3><span style=\"color: #33cccc;\"><strong>Pr\u00e9sentation du programme:<\/strong><\/span><\/h3>\n<p>Notre programme S\u00b0PACE EUROPE est id\u00e9alement situ\u00e9 au c\u0153ur de GRENOBLE, dans une zone dynamique \u00e0 proximit\u00e9 directe de la Rocade Sud et offrant des espaces partag\u00e9s \u00e0 la fois int\u00e9rieurs et ext\u00e9rieurs, garantissant des conditions de travail exceptionnelles.<\/p>\n<p>Compos\u00e9 de 6 b\u00e2timents, ce parc d&rsquo;activit\u00e9 innovant vous offre 9 000 m\u00b2 de locaux d&rsquo;activit\u00e9s et 4200 m\u00b2 de bureaux.<\/p>\n<h4>Les locaux d&rsquo;activit\u00e9<\/h4>\n<p>Con\u00e7u dans le but de r\u00e9pondre aux besoins des artisans, TPE, PME et PMI, les locaux d&rsquo;activit\u00e9 sont divisibles \u00e0 partir de 225 m\u00b2 et comprennent :<\/p>\n<ul>\n<li>7 m de hauteur libre pour les ateliers<\/li>\n<li>Une mezzanine spacieuse pour la cr\u00e9ation d&rsquo;un espace de bureaux ou pour le stockage en hauteur<\/li>\n<li>Une porte sectionnelle motoris\u00e9e de 3m sur 3m de hauteur<\/li>\n<\/ul>\n<h4>Les bureaux<\/h4>\n<p>Les bureaux sont \u00e9difi\u00e9s sur 2 b\u00e2timents, avec une divisibilit\u00e9 des lots \u00e0 partir de 150 m\u00b2.<\/p>\n<p>Nos plateaux vous permettent de nombreux am\u00e9nagements : bureaux cloisonn\u00e9s, open-space, espace de co-working&#8230;<\/p>\n<p>Les b\u00e2timents sont \u00e9quip\u00e9s de panneaux photovolta\u00efques en toiture.<\/p>\n<p><strong><span class=\"OYPEnA text-decoration-none text-strikethrough-none\">Notre ma\u00eetre mot :<\/span> <span class=\"OYPEnA text-decoration-none text-strikethrough-none\">la flexibilit\u00e9.<\/span> <span class=\"OYPEnA text-decoration-none text-strikethrough-none\">Chaque de lot est modulable, divisible et am\u00e9nageable afin de s\u2019adapter \u00e0 vos besoins.<\/span><\/strong><\/p>\n<h4>Stationnement<\/h4>\n<p>Le site pr\u00e9voit 164 places de stationnements ext\u00e9rieurs avec notamment des places \u00e9quip\u00e9es de bornes de recharges \u00e9lectriques, 29 places de stationnement int\u00e9rieurs et 70 places en sous-sol.<\/p>\n<p>Emplacements cycles couverts.<\/p>\n<h4><b>Les acc\u00e8s\u00a0<\/b><\/h4>\n<p>Acc\u00e8s imm\u00e9diat \u00e0 la Rocade Sud<\/p>\n<p>Tram A et lignes de bus C3, C6, 12, 65 et 67 \u00e0 proximit\u00e9.<\/p>\n<p>A 10 min du centre-ville de Grenoble<\/p>\n<p>A 30 min de Chamb\u00e9ry<\/p>\n<p>A 1h de Lyon<\/p>\n<p>A 1h30 de Gen\u00e8ve[\/vc_column_text][vc_raw_html]JTNDaWZyYW1lJTIwc3JjJTNEJTIyaHR0cHMlM0ElMkYlMkZ3d3cuZ29vZ2xlLmNvbSUyRm1hcHMlMkZlbWJlZCUzRnBiJTNEJTIxMW0xOCUyMTFtMTIlMjExbTMlMjExZDMzNzcuNTY4ODk2NDI0ODA1JTIxMmQ1LjczNDg2NzM0NjY2MzY3JTIxM2Q0NS4xNTgzNTE0Njg3MDQ0MSUyMTJtMyUyMTFmMCUyMTJmMCUyMTNmMCUyMTNtMiUyMTFpMTAyNCUyMTJpNzY4JTIxNGYxMy4xJTIxM20zJTIxMW0yJTIxMXMweDQ3OGFmNGNjM2Y3M2Q5MWYlMjUzQTB4NWQ4MzBhYTU2YTI0NmY5JTIxMnNBdi4lMjUyMGRlJTI1MjBsJTI2JTIzMzklM0JFdXJvcGUlMjUyQyUyNTIwMzgxMDAlMjE1ZTElMjEzbTIlMjExc2ZyJTIxMnNmciUyMTR2MTcyODg5ODM1NjM3NSUyMTVtMiUyMTFzZnIlMjEyc2ZyJTIyJTIwd2lkdGglM0QlMjI2MDAlMjIlMjBoZWlnaHQlM0QlMjI0NTAlMjIlMjBzdHlsZSUzRCUyMmJvcmRlciUzQTAlM0IlMjIlMjBhbGxvd2Z1bGxzY3JlZW4lM0QlMjIlMjIlMjBsb2FkaW5nJTNEJTIybGF6eSUyMiUyMHJlZmVycmVycG9saWN5JTNEJTIybm8tcmVmZXJyZXItd2hlbi1kb3duZ3JhZGUlMjIlM0UlM0MlMkZpZnJhbWUlM0U=[\/vc_raw_html][\/vc_column][vc_column width=\u00a0\u00bb1\/2&Prime;][vc_single_image image=\u00a0\u00bb10915&Prime; img_size=\u00a0\u00bblarge\u00a0\u00bb add_caption=\u00a0\u00bbyes\u00a0\u00bb alignment=\u00a0\u00bbcenter\u00a0\u00bb onclick=\u00a0\u00bblink_image\u00a0\u00bb parallax_scroll=\u00a0\u00bbno\u00a0\u00bb woodmart_inline=\u00a0\u00bbno\u00a0\u00bb title=\u00a0\u00bbLes perspectives du projet\u00a0\u00bb][vc_single_image image=\u00a0\u00bb10912&Prime; img_size=\u00a0\u00bblarge\u00a0\u00bb add_caption=\u00a0\u00bbyes\u00a0\u00bb alignment=\u00a0\u00bbcenter\u00a0\u00bb onclick=\u00a0\u00bblink_image\u00a0\u00bb parallax_scroll=\u00a0\u00bbno\u00a0\u00bb woodmart_inline=\u00a0\u00bbno\u00a0\u00bb][vc_single_image image=\u00a0\u00bb10914&Prime; img_size=\u00a0\u00bblarge\u00a0\u00bb add_caption=\u00a0\u00bbyes\u00a0\u00bb alignment=\u00a0\u00bbcenter\u00a0\u00bb onclick=\u00a0\u00bblink_image\u00a0\u00bb parallax_scroll=\u00a0\u00bbno\u00a0\u00bb woodmart_inline=\u00a0\u00bbno\u00a0\u00bb][vc_separator wd_hide_on_desktop=\u00a0\u00bbno\u00a0\u00bb wd_hide_on_tablet=\u00a0\u00bbno\u00a0\u00bb wd_hide_on_mobile=\u00a0\u00bbno\u00a0\u00bb][vc_column_text css_animation=\u00a0\u00bbnone\u00a0\u00bb woodmart_inline=\u00a0\u00bbno\u00a0\u00bb text_larger=\u00a0\u00bbno\u00a0\u00bb]<\/p>\n<div>\n<h3 class=\"title\"><strong><span style=\"color: #33cccc;\"><span class=\"categ\">VOTRE CONTACT<\/span><\/span><\/strong><\/h3>\n<h3 class=\"p1\">Sandy Gobba &#8211; Directrice de programmes<\/h3>\n<h3>06 12 30 51 30 &#8211; sgobba@impactpromotion.fr<\/h3>\n<\/div>\n<h3><\/h3>\n<p>&nbsp;[\/vc_column_text][vc_separator wd_hide_on_desktop=\u00a0\u00bbno\u00a0\u00bb wd_hide_on_tablet=\u00a0\u00bbno\u00a0\u00bb wd_hide_on_mobile=\u00a0\u00bbno\u00a0\u00bb][vc_images_carousel images=\u00a0\u00bb10575,10574,10576,10577,10578&Prime; img_size=\u00a0\u00bblarge\u00a0\u00bb speed=\u00a0\u00bb10&Prime;][vc_single_image image=\u00a0\u00bb10916&Prime; img_size=\u00a0\u00bbmedium\u00a0\u00bb title=\u00a0\u00bbEn co-promotion avec\u00a0\u00bb parallax_scroll=\u00a0\u00bbno\u00a0\u00bb woodmart_inline=\u00a0\u00bbno\u00a0\u00bb][vc_single_image image=\u00a0\u00bb10775&Prime; img_size=\u00a0\u00bb200&#215;100&Prime; title=\u00a0\u00bbArchitecte du projet\u00a0\u00bb parallax_scroll=\u00a0\u00bbno\u00a0\u00bb woodmart_inline=\u00a0\u00bbno\u00a0\u00bb][\/vc_column][\/vc_row][vc_row][vc_column width=\u00a0\u00bb1\/2&Prime;][\/vc_column][vc_column width=\u00a0\u00bb1\/2&Prime;][\/vc_column][\/vc_row]<\/p>\n<\/section>","protected":false},"excerpt":{"rendered":"<p>[vc_row][vc_column][vc_single_image image=\u00a0\u00bb10918&Prime; img_size=\u00a0\u00bblarge\u00a0\u00bb alignment=\u00a0\u00bbcenter\u00a0\u00bb css_animation=\u00a0\u00bbwd-slide-from-bottom\u00a0\u00bb parallax_scroll=\u00a0\u00bbno\u00a0\u00bb woodmart_inline=\u00a0\u00bbno\u00a0\u00bb][\/vc_column][\/vc_row][vc_row full_width=\u00a0\u00bbstretch_row_content\u00a0\u00bb content_placement=\u00a0\u00bbmiddle\u00a0\u00bb css=\u00a0\u00bb.vc_custom_1639408954356{margin-bottom: 80px !important;background-position: 0 0 !important;background-repeat: no-repeat !important;}\u00a0\u00bb woodmart_parallax=\u00a0\u00bb0&Prime; woodmart_gradient_switch=\u00a0\u00bbno\u00a0\u00bb row_reverse_mobile=\u00a0\u00bb0&Prime;<\/p>\n","protected":false},"author":3,"featured_media":0,"parent":0,"menu_order":0,"comment_status":"closed","ping_status":"closed","template":"","meta":{"om_disable_all_campaigns":false,"_monsterinsights_skip_tracking":false,"_monsterinsights_sitenote_active":false,"_monsterinsights_sitenote_note":"","_monsterinsights_sitenote_category":0,"footnotes":""},"class_list":["post-10910","page","type-page","status-publish","hentry"],"aioseo_notices":[],"_links":{"self":[{"href":"https:\/\/impactpromotion.fr\/index.php\/wp-json\/wp\/v2\/pages\/10910","targetHints":{"allow":["GET"]}}],"collection":[{"href":"https:\/\/impactpromotion.fr\/index.php\/wp-json\/wp\/v2\/pages"}],"about":[{"href":"https:\/\/impactpromotion.fr\/index.php\/wp-json\/wp\/v2\/types\/page"}],"author":[{"embeddable":true,"href":"https:\/\/impactpromotion.fr\/index.php\/wp-json\/wp\/v2\/users\/3"}],"replies":[{"embeddable":true,"href":"https:\/\/impactpromotion.fr\/index.php\/wp-json\/wp\/v2\/comments?post=10910"}],"version-history":[{"count":4,"href":"https:\/\/impactpromotion.fr\/index.php\/wp-json\/wp\/v2\/pages\/10910\/revisions"}],"predecessor-version":[{"id":10920,"href":"https:\/\/impactpromotion.fr\/index.php\/wp-json\/wp\/v2\/pages\/10910\/revisions\/10920"}],"wp:attachment":[{"href":"https:\/\/impactpromotion.fr\/index.php\/wp-json\/wp\/v2\/media?parent=10910"}],"curies":[{"name":"wp","href":"https:\/\/api.w.org\/{rel}","templated":true}]}}