{"id":10734,"date":"2024-05-15T16:54:43","date_gmt":"2024-05-15T14:54:43","guid":{"rendered":"https:\/\/impactpromotion.fr\/?page_id=10734"},"modified":"2024-05-22T14:28:56","modified_gmt":"2024-05-22T12:28:56","slug":"le-roulet-coublevie","status":"publish","type":"page","link":"https:\/\/impactpromotion.fr\/index.php\/le-roulet-coublevie\/","title":{"rendered":"LE ROULET"},"content":{"rendered":"<section class=\"wpb-content-wrapper\"><p>[vc_row][vc_column][vc_single_image image=\u00a0\u00bb10735&Prime; img_size=\u00a0\u00bblarge\u00a0\u00bb alignment=\u00a0\u00bbcenter\u00a0\u00bb parallax_scroll=\u00a0\u00bbno\u00a0\u00bb woodmart_inline=\u00a0\u00bbno\u00a0\u00bb][\/vc_column][\/vc_row][vc_row full_width=\u00a0\u00bbstretch_row_content\u00a0\u00bb content_placement=\u00a0\u00bbmiddle\u00a0\u00bb css=\u00a0\u00bb.vc_custom_1704226555850{margin-bottom: 80px !important;background-position: 0 0 !important;background-repeat: no-repeat !important;}\u00a0\u00bb woodmart_parallax=\u00a0\u00bb0&Prime; woodmart_gradient_switch=\u00a0\u00bbno\u00a0\u00bb row_reverse_mobile=\u00a0\u00bb0&Prime; row_reverse_tablet=\u00a0\u00bb0&Prime; woodmart_disable_overflow=\u00a0\u00bb0&Prime; woodmart_css_id=\u00a0\u00bb65946eb829eb9&Prime; responsive_spacing=\u00a0\u00bbeyJwYXJhbV90eXBlIjoid29vZG1hcnRfcmVzcG9uc2l2ZV9zcGFjaW5nIiwic2VsZWN0b3JfaWQiOiI2NTk0NmViODI5ZWI5Iiwic2hvcnRjb2RlIjoidmNfcm93IiwiZGF0YSI6eyJ0YWJsZXQiOnt9LCJtb2JpbGUiOnt9fX0=\u00a0\u00bb mobile_bg_img_hidden=\u00a0\u00bbno\u00a0\u00bb tablet_bg_img_hidden=\u00a0\u00bbno\u00a0\u00bb woodmart_box_shadow=\u00a0\u00bbno\u00a0\u00bb wd_z_index=\u00a0\u00bbno\u00a0\u00bb][vc_column width=\u00a0\u00bb1\/2&Prime; woodmart_color_scheme=\u00a0\u00bblight\u00a0\u00bb woodmart_bg_position=\u00a0\u00bbright-bottom\u00a0\u00bb css=\u00a0\u00bb.vc_custom_1704218934335{padding-top: 40px !important;background-color: #38c9bf !important;background-position: 0 0 !important;background-repeat: no-repeat !important;}\u00a0\u00bb el_class=\u00a0\u00bbbg-align-right\u00a0\u00bb offset=\u00a0\u00bbvc_col-lg-3 vc_col-md-3 vc_col-xs-12&Prime; woodmart_parallax=\u00a0\u00bb0&Prime; parallax_scroll=\u00a0\u00bbno\u00a0\u00bb woodmart_sticky_column=\u00a0\u00bbfalse\u00a0\u00bb woodmart_css_id=\u00a0\u00bb6594511582dbb\u00a0\u00bb wd_collapsible_content_switcher=\u00a0\u00bbno\u00a0\u00bb mobile_bg_img_hidden=\u00a0\u00bbno\u00a0\u00bb tablet_bg_img_hidden=\u00a0\u00bbno\u00a0\u00bb woodmart_box_shadow=\u00a0\u00bbno\u00a0\u00bb mobile_reset_margin=\u00a0\u00bbno\u00a0\u00bb tablet_reset_margin=\u00a0\u00bbno\u00a0\u00bb wd_z_index=\u00a0\u00bbno\u00a0\u00bb responsive_spacing=\u00a0\u00bbeyJwYXJhbV90eXBlIjoid29vZG1hcnRfcmVzcG9uc2l2ZV9zcGFjaW5nIiwic2VsZWN0b3JfaWQiOiI2NTk0NTExNTgyZGJiIiwic2hvcnRjb2RlIjoidmNfY29sdW1uIiwiZGF0YSI6eyJ0YWJsZXQiOnt9LCJtb2JpbGUiOnt9fX0=\u00a0\u00bb wd_column_role_offcanvas_desktop=\u00a0\u00bbno\u00a0\u00bb wd_column_role_offcanvas_tablet=\u00a0\u00bbno\u00a0\u00bb wd_column_role_offcanvas_mobile=\u00a0\u00bbno\u00a0\u00bb wd_column_role_content_desktop=\u00a0\u00bbno\u00a0\u00bb wd_column_role_content_tablet=\u00a0\u00bbno\u00a0\u00bb wd_column_role_content_mobile=\u00a0\u00bbno\u00a0\u00bb][vc_column_text woodmart_inline=\u00a0\u00bbno\u00a0\u00bb text_larger=\u00a0\u00bbno\u00a0\u00bb]<\/p>\n<p class=\"p1\" style=\"text-align: center;\">Impasse des Coquelicots<\/p>\n<p>[\/vc_column_text][vc_column_text woodmart_inline=\u00a0\u00bbno\u00a0\u00bb text_larger=\u00a0\u00bbno\u00a0\u00bb]<\/p>\n<h4 style=\"text-align: center;\">Coublevie 38500<\/h4>\n<p>&nbsp;[\/vc_column_text][vc_icon icon_fontawesome=\u00a0\u00bbfas fa-map-marker-alt\u00a0\u00bb color=\u00a0\u00bbwhite\u00a0\u00bb background_style=\u00a0\u00bbrounded-outline\u00a0\u00bb align=\u00a0\u00bbcenter\u00a0\u00bb css_animation=\u00a0\u00bbflipInY\u00a0\u00bb][\/vc_column][vc_column width=\u00a0\u00bb1\/2&Prime; woodmart_color_scheme=\u00a0\u00bblight\u00a0\u00bb woodmart_bg_position=\u00a0\u00bbright-bottom\u00a0\u00bb css=\u00a0\u00bb.vc_custom_1704226419832{padding-top: 40px !important;background-color: #38c9bf !important;background-position: 0 0 !important;background-repeat: no-repeat !important;}\u00a0\u00bb el_class=\u00a0\u00bbbg-align-right\u00a0\u00bb offset=\u00a0\u00bbvc_col-lg-3 vc_col-md-3 vc_col-xs-12&Prime; woodmart_parallax=\u00a0\u00bb0&Prime; parallax_scroll=\u00a0\u00bbno\u00a0\u00bb woodmart_sticky_column=\u00a0\u00bbfalse\u00a0\u00bb woodmart_css_id=\u00a0\u00bb65946e3f156e8&Prime; wd_collapsible_content_switcher=\u00a0\u00bbno\u00a0\u00bb mobile_bg_img_hidden=\u00a0\u00bbno\u00a0\u00bb tablet_bg_img_hidden=\u00a0\u00bbno\u00a0\u00bb woodmart_box_shadow=\u00a0\u00bbno\u00a0\u00bb mobile_reset_margin=\u00a0\u00bbno\u00a0\u00bb tablet_reset_margin=\u00a0\u00bbno\u00a0\u00bb wd_z_index=\u00a0\u00bbno\u00a0\u00bb responsive_spacing=\u00a0\u00bbeyJwYXJhbV90eXBlIjoid29vZG1hcnRfcmVzcG9uc2l2ZV9zcGFjaW5nIiwic2VsZWN0b3JfaWQiOiI2NTk0NmUzZjE1NmU4Iiwic2hvcnRjb2RlIjoidmNfY29sdW1uIiwiZGF0YSI6eyJ0YWJsZXQiOnt9LCJtb2JpbGUiOnt9fX0=\u00a0\u00bb wd_column_role_offcanvas_desktop=\u00a0\u00bbno\u00a0\u00bb wd_column_role_offcanvas_tablet=\u00a0\u00bbno\u00a0\u00bb wd_column_role_offcanvas_mobile=\u00a0\u00bbno\u00a0\u00bb wd_column_role_content_desktop=\u00a0\u00bbno\u00a0\u00bb wd_column_role_content_tablet=\u00a0\u00bbno\u00a0\u00bb wd_column_role_content_mobile=\u00a0\u00bbno\u00a0\u00bb][vc_column_text woodmart_inline=\u00a0\u00bbno\u00a0\u00bb text_larger=\u00a0\u00bbno\u00a0\u00bb]<\/p>\n<p style=\"text-align: center;\">Surface<\/p>\n<p>[\/vc_column_text][vc_column_text woodmart_inline=\u00a0\u00bbno\u00a0\u00bb text_larger=\u00a0\u00bbno\u00a0\u00bb]<\/p>\n<h4 style=\"text-align: center;\">3 292 m\u00b2<\/h4>\n<p>&nbsp;[\/vc_column_text][vc_icon icon_fontawesome=\u00a0\u00bbfas fa-ruler\u00a0\u00bb color=\u00a0\u00bbwhite\u00a0\u00bb background_style=\u00a0\u00bbrounded-outline\u00a0\u00bb align=\u00a0\u00bbcenter\u00a0\u00bb css_animation=\u00a0\u00bbflipInY\u00a0\u00bb][\/vc_column][vc_column width=\u00a0\u00bb1\/2&Prime; woodmart_color_scheme=\u00a0\u00bblight\u00a0\u00bb woodmart_bg_position=\u00a0\u00bbright-bottom\u00a0\u00bb css=\u00a0\u00bb.vc_custom_1704218782919{padding-top: 40px !important;background-color: #38c9bf !important;background-position: 0 0 !important;background-repeat: no-repeat !important;}\u00a0\u00bb el_class=\u00a0\u00bbbg-align-right\u00a0\u00bb offset=\u00a0\u00bbvc_col-lg-3 vc_col-md-3 vc_col-xs-12&Prime; woodmart_parallax=\u00a0\u00bb0&Prime; parallax_scroll=\u00a0\u00bbno\u00a0\u00bb woodmart_sticky_column=\u00a0\u00bbfalse\u00a0\u00bb woodmart_css_id=\u00a0\u00bb659450867f947&Prime; wd_collapsible_content_switcher=\u00a0\u00bbno\u00a0\u00bb mobile_bg_img_hidden=\u00a0\u00bbno\u00a0\u00bb tablet_bg_img_hidden=\u00a0\u00bbno\u00a0\u00bb woodmart_box_shadow=\u00a0\u00bbno\u00a0\u00bb mobile_reset_margin=\u00a0\u00bbno\u00a0\u00bb tablet_reset_margin=\u00a0\u00bbno\u00a0\u00bb wd_z_index=\u00a0\u00bbno\u00a0\u00bb responsive_spacing=\u00a0\u00bbeyJwYXJhbV90eXBlIjoid29vZG1hcnRfcmVzcG9uc2l2ZV9zcGFjaW5nIiwic2VsZWN0b3JfaWQiOiI2NTk0NTA4NjdmOTQ3Iiwic2hvcnRjb2RlIjoidmNfY29sdW1uIiwiZGF0YSI6eyJ0YWJsZXQiOnt9LCJtb2JpbGUiOnt9fX0=\u00a0\u00bb wd_column_role_offcanvas_desktop=\u00a0\u00bbno\u00a0\u00bb wd_column_role_offcanvas_tablet=\u00a0\u00bbno\u00a0\u00bb wd_column_role_offcanvas_mobile=\u00a0\u00bbno\u00a0\u00bb wd_column_role_content_desktop=\u00a0\u00bbno\u00a0\u00bb wd_column_role_content_tablet=\u00a0\u00bbno\u00a0\u00bb wd_column_role_content_mobile=\u00a0\u00bbno\u00a0\u00bb][vc_column_text woodmart_inline=\u00a0\u00bbno\u00a0\u00bb text_larger=\u00a0\u00bbno\u00a0\u00bb]<\/p>\n<p style=\"text-align: center;\">Divisibilit\u00e9<\/p>\n<p>[\/vc_column_text][vc_column_text woodmart_inline=\u00a0\u00bbno\u00a0\u00bb text_larger=\u00a0\u00bbno\u00a0\u00bb]<\/p>\n<h4 class=\"p1\" style=\"text-align: center;\">\u00c0 partir de 103 m\u00b2<\/h4>\n<p>&nbsp;[\/vc_column_text][vc_icon icon_fontawesome=\u00a0\u00bbfar fa-building\u00a0\u00bb color=\u00a0\u00bbwhite\u00a0\u00bb background_style=\u00a0\u00bbrounded-outline\u00a0\u00bb align=\u00a0\u00bbcenter\u00a0\u00bb css_animation=\u00a0\u00bbflipInY\u00a0\u00bb][\/vc_column][vc_column width=\u00a0\u00bb1\/2&Prime; woodmart_color_scheme=\u00a0\u00bblight\u00a0\u00bb woodmart_bg_position=\u00a0\u00bbright-bottom\u00a0\u00bb css=\u00a0\u00bb.vc_custom_1704218703178{padding-top: 40px !important;background-color: #38c9bf !important;background-position: 0 0 !important;background-repeat: no-repeat !important;}\u00a0\u00bb el_class=\u00a0\u00bbbg-align-right\u00a0\u00bb offset=\u00a0\u00bbvc_col-lg-3 vc_col-md-3 vc_col-xs-12&Prime; woodmart_parallax=\u00a0\u00bb0&Prime; parallax_scroll=\u00a0\u00bbno\u00a0\u00bb woodmart_sticky_column=\u00a0\u00bbfalse\u00a0\u00bb woodmart_css_id=\u00a0\u00bb65944fe23b6ae\u00a0\u00bb wd_collapsible_content_switcher=\u00a0\u00bbno\u00a0\u00bb mobile_bg_img_hidden=\u00a0\u00bbno\u00a0\u00bb tablet_bg_img_hidden=\u00a0\u00bbno\u00a0\u00bb woodmart_box_shadow=\u00a0\u00bbno\u00a0\u00bb mobile_reset_margin=\u00a0\u00bbno\u00a0\u00bb tablet_reset_margin=\u00a0\u00bbno\u00a0\u00bb wd_z_index=\u00a0\u00bbno\u00a0\u00bb responsive_spacing=\u00a0\u00bbeyJwYXJhbV90eXBlIjoid29vZG1hcnRfcmVzcG9uc2l2ZV9zcGFjaW5nIiwic2VsZWN0b3JfaWQiOiI2NTk0NGZlMjNiNmFlIiwic2hvcnRjb2RlIjoidmNfY29sdW1uIiwiZGF0YSI6eyJ0YWJsZXQiOnt9LCJtb2JpbGUiOnt9fX0=\u00a0\u00bb wd_column_role_offcanvas_desktop=\u00a0\u00bbno\u00a0\u00bb wd_column_role_offcanvas_tablet=\u00a0\u00bbno\u00a0\u00bb wd_column_role_offcanvas_mobile=\u00a0\u00bbno\u00a0\u00bb wd_column_role_content_desktop=\u00a0\u00bbno\u00a0\u00bb wd_column_role_content_tablet=\u00a0\u00bbno\u00a0\u00bb wd_column_role_content_mobile=\u00a0\u00bbno\u00a0\u00bb][vc_column_text woodmart_inline=\u00a0\u00bbno\u00a0\u00bb text_larger=\u00a0\u00bbno\u00a0\u00bb]<\/p>\n<p style=\"text-align: center;\">Livraison<\/p>\n<p>[\/vc_column_text][vc_column_text woodmart_inline=\u00a0\u00bbno\u00a0\u00bb text_larger=\u00a0\u00bbno\u00a0\u00bb]<\/p>\n<h4 class=\"p1\" style=\"text-align: center;\">4\u00e8me trimestre 2025<\/h4>\n<p>&nbsp;[\/vc_column_text][vc_icon icon_fontawesome=\u00a0\u00bbfas fa-calendar\u00a0\u00bb color=\u00a0\u00bbwhite\u00a0\u00bb background_style=\u00a0\u00bbrounded-outline\u00a0\u00bb align=\u00a0\u00bbcenter\u00a0\u00bb css_animation=\u00a0\u00bbflipInY\u00a0\u00bb][\/vc_column][\/vc_row][vc_row][vc_column width=\u00a0\u00bb1\/2&Prime;][vc_empty_space height=\u00a0\u00bb42px\u00a0\u00bb woodmart_hide_large=\u00a0\u00bb0&Prime; woodmart_hide_medium=\u00a0\u00bb0&Prime; woodmart_hide_small=\u00a0\u00bb0&Prime;][vc_column_text woodmart_inline=\u00a0\u00bbno\u00a0\u00bb text_larger=\u00a0\u00bbno\u00a0\u00bb]<\/p>\n<h3><span style=\"color: #33cccc;\"><strong>Pr\u00e9sentation du programme :<\/strong><\/span><\/h3>\n<p>D\u00e9couvrez notre nouveau programme mixte d&rsquo;activit\u00e9 et de bureaux de 3 292 m\u00b2 id\u00e9alement implant\u00e9 au c\u0153ur de la commune de COUBLEVIE, \u00e0 quelques minutes de VOIRON (38).<\/p>\n<p>Compos\u00e9 de 2 b\u00e2timents, nous vous proposons 1 795 m\u00b2 de locaux d&rsquo;activit\u00e9s ainsi que 1 496 m\u00b2 de bureaux.<\/p>\n<h4>Les locaux d&rsquo;activit\u00e9<\/h4>\n<p>Con\u00e7u dans le but de r\u00e9pondre aux besoins des artisans, TPE, PME\/PMI, les locaux d&rsquo;activit\u00e9 sont divisibles \u00e0 partir de 103 m\u00b2 et comprennent :<\/p>\n<p>\u2022 5 m de hauteur libre pour la partie atelier<\/p>\n<p>\u2022 Une porte sectionnelle motorisable de 3m sur 3m<\/p>\n<h4>Les bureaux<\/h4>\n<p>Les bureaux sont divisible \u00e0 partir de 156 m\u00b2.<br \/>\nNos plateaux permettent de nombreuses possibilit\u00e9s d&rsquo;am\u00e9nagement, selon vos besoins : bureaux cloisonn\u00e9s, open-space ou espaces de coworking !<\/p>\n<p>Une terrasse v\u00e9g\u00e9talis\u00e9e a \u00e9t\u00e9 pr\u00e9vue afin de vous permettre de profiter des beaux jours en ext\u00e9rieurs.<\/p>\n<h4>Stationnement<\/h4>\n<p>Le site pr\u00e9voit 79 places de parking, avec la possibilit\u00e9 d&rsquo;installer des bornes de recharge \u00e9lectriques.<\/p>\n<h4>Les acc\u00e8s<\/h4>\n<p>A 5 min du centre-ville de Voiron<\/p>\n<p>A 30 min de Grenoble<\/p>\n<p>A 45 min de Chamb\u00e9ry<\/p>\n<p>A 1h de Lyon[\/vc_column_text][vc_gmaps link=\u00a0\u00bb#E-8_JTNDaWZyYW1lJTIwc3JjJTNEJTIyaHR0cHMlM0ElMkYlMkZ3d3cuZ29vZ2xlLmNvbSUyRm1hcHMlMkZlbWJlZCUzRnBiJTNEJTIxMW0xOCUyMTFtMTIlMjExbTMlMjExZDc2MjkzLjAxNzY5MDQxMzU0JTIxMmQ1LjU2MTQyNzc5ODU1MjQwOSUyMTNkNDUuMzc5OTM3ODIyODQzNzMlMjEybTMlMjExZjAlMjEyZjAlMjEzZjAlMjEzbTIlMjExaTEwMjQlMjEyaTc2OCUyMTRmMTMuMSUyMTNtMyUyMTFtMiUyMTFzMHg0NzhhZTViMzY5OTBiMzdiJTI1M0EweDY5MzY5YzAyNmQzZmNhZWIlMjEyc0ltcC4lMjUyMGRlcyUyNTIwQ29xdWVsaWNvdHMlMjUyQyUyNTIwMzg1MDAlMjUyMENvdWJsZXZpZSUyMTVlMSUyMTNtMiUyMTFzZnIlMjEyc2ZyJTIxNHYxNzE1Nzg1NDY0NzM3JTIxNW0yJTIxMXNmciUyMTJzZnIlMjIlMjB3aWR0aCUzRCUyMjYwMCUyMiUyMGhlaWdodCUzRCUyMjQ1MCUyMiUyMHN0eWxlJTNEJTIyYm9yZGVyJTNBMCUzQiUyMiUyMGFsbG93ZnVsbHNjcmVlbiUzRCUyMiUyMiUyMGxvYWRpbmclM0QlMjJsYXp5JTIyJTIwcmVmZXJyZXJwb2xpY3klM0QlMjJuby1yZWZlcnJlci13aGVuLWRvd25ncmFkZSUyMiUzRSUzQyUyRmlmcmFtZSUzRQ==\u00a0\u00bb][\/vc_column][vc_column width=\u00a0\u00bb1\/2&Prime;][vc_single_image image=\u00a0\u00bb10742&Prime; img_size=\u00a0\u00bbfull\u00a0\u00bb alignment=\u00a0\u00bbcenter\u00a0\u00bb onclick=\u00a0\u00bblink_image\u00a0\u00bb parallax_scroll=\u00a0\u00bbno\u00a0\u00bb woodmart_inline=\u00a0\u00bbno\u00a0\u00bb title=\u00a0\u00bbPLANS DU REZ-DE-CHAUSS\u00c9E\u00a0\u00bb][vc_single_image image=\u00a0\u00bb10741&Prime; img_size=\u00a0\u00bbfull\u00a0\u00bb alignment=\u00a0\u00bbcenter\u00a0\u00bb onclick=\u00a0\u00bblink_image\u00a0\u00bb parallax_scroll=\u00a0\u00bbno\u00a0\u00bb woodmart_inline=\u00a0\u00bbno\u00a0\u00bb title=\u00a0\u00bbPLANS DES BUREAUX (R+1)\u00a0\u00bb][vc_separator wd_hide_on_desktop=\u00a0\u00bbno\u00a0\u00bb wd_hide_on_tablet=\u00a0\u00bbno\u00a0\u00bb wd_hide_on_mobile=\u00a0\u00bbno\u00a0\u00bb][vc_column_text css_animation=\u00a0\u00bbtop-to-bottom\u00a0\u00bb woodmart_inline=\u00a0\u00bbno\u00a0\u00bb text_larger=\u00a0\u00bbno\u00a0\u00bb]<\/p>\n<div>\n<h4 class=\"title\"><span style=\"color: #33cccc;\">Votre contact<\/span><\/h4>\n<\/div>\n<h3><\/h3>\n<h3>Sandy GOBBA &#8211; Responsable de programmes<\/h3>\n<h3>06 12 30 51 30 &#8211; sgobba@impactpromotion.fr<\/h3>\n<p>&nbsp;[\/vc_column_text][vc_separator wd_hide_on_desktop=\u00a0\u00bbno\u00a0\u00bb wd_hide_on_tablet=\u00a0\u00bbno\u00a0\u00bb wd_hide_on_mobile=\u00a0\u00bbno\u00a0\u00bb][vc_single_image image=\u00a0\u00bb10775&Prime; img_size=\u00a0\u00bb200&#215;100&Prime; title=\u00a0\u00bbArchitecte du projet \u00a0\u00bb parallax_scroll=\u00a0\u00bbno\u00a0\u00bb woodmart_inline=\u00a0\u00bbno\u00a0\u00bb][\/vc_column][\/vc_row][vc_row][vc_column width=\u00a0\u00bb1\/2&Prime;][vc_empty_space height=\u00a0\u00bb6px\u00a0\u00bb woodmart_hide_large=\u00a0\u00bb0&Prime; woodmart_hide_medium=\u00a0\u00bb0&Prime; woodmart_hide_small=\u00a0\u00bb0&Prime;][\/vc_column][\/vc_row]<\/p>\n<\/section>","protected":false},"excerpt":{"rendered":"<p>[vc_row][vc_column][vc_single_image image=\u00a0\u00bb10735&Prime; img_size=\u00a0\u00bblarge\u00a0\u00bb alignment=\u00a0\u00bbcenter\u00a0\u00bb parallax_scroll=\u00a0\u00bbno\u00a0\u00bb woodmart_inline=\u00a0\u00bbno\u00a0\u00bb][\/vc_column][\/vc_row][vc_row full_width=\u00a0\u00bbstretch_row_content\u00a0\u00bb content_placement=\u00a0\u00bbmiddle\u00a0\u00bb css=\u00a0\u00bb.vc_custom_1704226555850{margin-bottom: 80px !important;background-position: 0 0 !important;background-repeat: no-repeat !important;}\u00a0\u00bb woodmart_parallax=\u00a0\u00bb0&Prime; woodmart_gradient_switch=\u00a0\u00bbno\u00a0\u00bb row_reverse_mobile=\u00a0\u00bb0&Prime; row_reverse_tablet=\u00a0\u00bb0&Prime;<\/p>\n","protected":false},"author":3,"featured_media":0,"parent":0,"menu_order":0,"comment_status":"closed","ping_status":"closed","template":"","meta":{"om_disable_all_campaigns":false,"_monsterinsights_skip_tracking":false,"_monsterinsights_sitenote_active":false,"_monsterinsights_sitenote_note":"","_monsterinsights_sitenote_category":0,"footnotes":""},"class_list":["post-10734","page","type-page","status-publish","hentry"],"aioseo_notices":[],"_links":{"self":[{"href":"https:\/\/impactpromotion.fr\/index.php\/wp-json\/wp\/v2\/pages\/10734","targetHints":{"allow":["GET"]}}],"collection":[{"href":"https:\/\/impactpromotion.fr\/index.php\/wp-json\/wp\/v2\/pages"}],"about":[{"href":"https:\/\/impactpromotion.fr\/index.php\/wp-json\/wp\/v2\/types\/page"}],"author":[{"embeddable":true,"href":"https:\/\/impactpromotion.fr\/index.php\/wp-json\/wp\/v2\/users\/3"}],"replies":[{"embeddable":true,"href":"https:\/\/impactpromotion.fr\/index.php\/wp-json\/wp\/v2\/comments?post=10734"}],"version-history":[{"count":7,"href":"https:\/\/impactpromotion.fr\/index.php\/wp-json\/wp\/v2\/pages\/10734\/revisions"}],"predecessor-version":[{"id":10780,"href":"https:\/\/impactpromotion.fr\/index.php\/wp-json\/wp\/v2\/pages\/10734\/revisions\/10780"}],"wp:attachment":[{"href":"https:\/\/impactpromotion.fr\/index.php\/wp-json\/wp\/v2\/media?parent=10734"}],"curies":[{"name":"wp","href":"https:\/\/api.w.org\/{rel}","templated":true}]}}