{"id":10346,"date":"2024-01-06T23:54:02","date_gmt":"2024-01-06T22:54:02","guid":{"rendered":"https:\/\/impactpromotion.fr\/?page_id=10346"},"modified":"2024-10-16T11:57:09","modified_gmt":"2024-10-16T09:57:09","slug":"acti-parvis","status":"publish","type":"page","link":"https:\/\/impactpromotion.fr\/index.php\/acti-parvis\/","title":{"rendered":"Acti-Parvis"},"content":{"rendered":"<section class=\"wpb-content-wrapper\"><p>[vc_row][vc_column][vc_single_image image=\u00a0\u00bb10961&Prime; img_size=\u00a0\u00bblarge\u00a0\u00bb alignment=\u00a0\u00bbcenter\u00a0\u00bb parallax_scroll=\u00a0\u00bbno\u00a0\u00bb woodmart_inline=\u00a0\u00bbno\u00a0\u00bb][\/vc_column][\/vc_row][vc_row full_width=\u00a0\u00bbstretch_row_content\u00a0\u00bb content_placement=\u00a0\u00bbmiddle\u00a0\u00bb css=\u00a0\u00bb.vc_custom_1704263705795{margin-bottom: 80px !important;background-position: 0 0 !important;background-repeat: no-repeat !important;}\u00a0\u00bb woodmart_parallax=\u00a0\u00bb0&Prime; woodmart_gradient_switch=\u00a0\u00bbno\u00a0\u00bb row_reverse_mobile=\u00a0\u00bb0&Prime; row_reverse_tablet=\u00a0\u00bb0&Prime; woodmart_disable_overflow=\u00a0\u00bb0&Prime; woodmart_css_id=\u00a0\u00bb6595000532703&Prime; responsive_spacing=\u00a0\u00bbeyJwYXJhbV90eXBlIjoid29vZG1hcnRfcmVzcG9uc2l2ZV9zcGFjaW5nIiwic2VsZWN0b3JfaWQiOiI2NTk1MDAwNTMyNzAzIiwic2hvcnRjb2RlIjoidmNfcm93IiwiZGF0YSI6eyJ0YWJsZXQiOnt9LCJtb2JpbGUiOnt9fX0=\u00a0\u00bb mobile_bg_img_hidden=\u00a0\u00bbno\u00a0\u00bb tablet_bg_img_hidden=\u00a0\u00bbno\u00a0\u00bb woodmart_box_shadow=\u00a0\u00bbno\u00a0\u00bb wd_z_index=\u00a0\u00bbno\u00a0\u00bb][vc_column width=\u00a0\u00bb1\/2&Prime; woodmart_color_scheme=\u00a0\u00bblight\u00a0\u00bb woodmart_bg_position=\u00a0\u00bbright-bottom\u00a0\u00bb css=\u00a0\u00bb.vc_custom_1704218934335{padding-top: 40px !important;background-color: #38c9bf !important;background-position: 0 0 !important;background-repeat: no-repeat !important;}\u00a0\u00bb el_class=\u00a0\u00bbbg-align-right\u00a0\u00bb offset=\u00a0\u00bbvc_col-lg-3 vc_col-md-3 vc_col-xs-12&Prime; woodmart_parallax=\u00a0\u00bb0&Prime; parallax_scroll=\u00a0\u00bbno\u00a0\u00bb woodmart_sticky_column=\u00a0\u00bbfalse\u00a0\u00bb woodmart_css_id=\u00a0\u00bb6594511582dbb\u00a0\u00bb wd_collapsible_content_switcher=\u00a0\u00bbno\u00a0\u00bb mobile_bg_img_hidden=\u00a0\u00bbno\u00a0\u00bb tablet_bg_img_hidden=\u00a0\u00bbno\u00a0\u00bb woodmart_box_shadow=\u00a0\u00bbno\u00a0\u00bb mobile_reset_margin=\u00a0\u00bbno\u00a0\u00bb tablet_reset_margin=\u00a0\u00bbno\u00a0\u00bb wd_z_index=\u00a0\u00bbno\u00a0\u00bb responsive_spacing=\u00a0\u00bbeyJwYXJhbV90eXBlIjoid29vZG1hcnRfcmVzcG9uc2l2ZV9zcGFjaW5nIiwic2VsZWN0b3JfaWQiOiI2NTk0NTExNTgyZGJiIiwic2hvcnRjb2RlIjoidmNfY29sdW1uIiwiZGF0YSI6eyJ0YWJsZXQiOnt9LCJtb2JpbGUiOnt9fX0=\u00a0\u00bb wd_column_role_offcanvas_desktop=\u00a0\u00bbno\u00a0\u00bb wd_column_role_offcanvas_tablet=\u00a0\u00bbno\u00a0\u00bb wd_column_role_offcanvas_mobile=\u00a0\u00bbno\u00a0\u00bb wd_column_role_content_desktop=\u00a0\u00bbno\u00a0\u00bb wd_column_role_content_tablet=\u00a0\u00bbno\u00a0\u00bb wd_column_role_content_mobile=\u00a0\u00bbno\u00a0\u00bb][vc_column_text css_animation=\u00a0\u00bbwd-slide-from-top\u00a0\u00bb woodmart_inline=\u00a0\u00bbno\u00a0\u00bb text_larger=\u00a0\u00bbno\u00a0\u00bb]<\/p>\n<p style=\"text-align: center;\">Rue Ren\u00e9 Rambaud<\/p>\n<p>[\/vc_column_text][vc_column_text css_animation=\u00a0\u00bbwd-slide-from-bottom\u00a0\u00bb woodmart_inline=\u00a0\u00bbno\u00a0\u00bb text_larger=\u00a0\u00bbno\u00a0\u00bb]<\/p>\n<h4 style=\"text-align: center;\">Voiron 38500<\/h4>\n<p>&nbsp;[\/vc_column_text][vc_icon icon_fontawesome=\u00a0\u00bbfas fa-map-marker-alt\u00a0\u00bb color=\u00a0\u00bbwhite\u00a0\u00bb background_style=\u00a0\u00bbrounded-outline\u00a0\u00bb align=\u00a0\u00bbcenter\u00a0\u00bb css_animation=\u00a0\u00bbflipInY\u00a0\u00bb][\/vc_column][vc_column width=\u00a0\u00bb1\/2&Prime; woodmart_color_scheme=\u00a0\u00bblight\u00a0\u00bb woodmart_bg_position=\u00a0\u00bbright-bottom\u00a0\u00bb css=\u00a0\u00bb.vc_custom_1704226419832{padding-top: 40px !important;background-color: #38c9bf !important;background-position: 0 0 !important;background-repeat: no-repeat !important;}\u00a0\u00bb el_class=\u00a0\u00bbbg-align-right\u00a0\u00bb offset=\u00a0\u00bbvc_col-lg-3 vc_col-md-3 vc_col-xs-12&Prime; woodmart_parallax=\u00a0\u00bb0&Prime; parallax_scroll=\u00a0\u00bbno\u00a0\u00bb woodmart_sticky_column=\u00a0\u00bbfalse\u00a0\u00bb woodmart_css_id=\u00a0\u00bb65946e3f156e8&Prime; wd_collapsible_content_switcher=\u00a0\u00bbno\u00a0\u00bb mobile_bg_img_hidden=\u00a0\u00bbno\u00a0\u00bb tablet_bg_img_hidden=\u00a0\u00bbno\u00a0\u00bb woodmart_box_shadow=\u00a0\u00bbno\u00a0\u00bb mobile_reset_margin=\u00a0\u00bbno\u00a0\u00bb tablet_reset_margin=\u00a0\u00bbno\u00a0\u00bb wd_z_index=\u00a0\u00bbno\u00a0\u00bb responsive_spacing=\u00a0\u00bbeyJwYXJhbV90eXBlIjoid29vZG1hcnRfcmVzcG9uc2l2ZV9zcGFjaW5nIiwic2VsZWN0b3JfaWQiOiI2NTk0NmUzZjE1NmU4Iiwic2hvcnRjb2RlIjoidmNfY29sdW1uIiwiZGF0YSI6eyJ0YWJsZXQiOnt9LCJtb2JpbGUiOnt9fX0=\u00a0\u00bb wd_column_role_offcanvas_desktop=\u00a0\u00bbno\u00a0\u00bb wd_column_role_offcanvas_tablet=\u00a0\u00bbno\u00a0\u00bb wd_column_role_offcanvas_mobile=\u00a0\u00bbno\u00a0\u00bb wd_column_role_content_desktop=\u00a0\u00bbno\u00a0\u00bb wd_column_role_content_tablet=\u00a0\u00bbno\u00a0\u00bb wd_column_role_content_mobile=\u00a0\u00bbno\u00a0\u00bb][vc_column_text css_animation=\u00a0\u00bbwd-slide-from-top\u00a0\u00bb woodmart_inline=\u00a0\u00bbno\u00a0\u00bb text_larger=\u00a0\u00bbno\u00a0\u00bb]<\/p>\n<p style=\"text-align: center;\">Surface<\/p>\n<p>[\/vc_column_text][vc_column_text css_animation=\u00a0\u00bbwd-slide-from-bottom\u00a0\u00bb woodmart_inline=\u00a0\u00bbno\u00a0\u00bb text_larger=\u00a0\u00bbno\u00a0\u00bb]<\/p>\n<h4 style=\"text-align: center;\">4 592 m\u00b2<\/h4>\n<p>&nbsp;[\/vc_column_text][vc_icon icon_fontawesome=\u00a0\u00bbfas fa-ruler\u00a0\u00bb color=\u00a0\u00bbwhite\u00a0\u00bb background_style=\u00a0\u00bbrounded-outline\u00a0\u00bb align=\u00a0\u00bbcenter\u00a0\u00bb css_animation=\u00a0\u00bbflipInY\u00a0\u00bb][\/vc_column][vc_column width=\u00a0\u00bb1\/2&Prime; woodmart_color_scheme=\u00a0\u00bblight\u00a0\u00bb woodmart_bg_position=\u00a0\u00bbright-bottom\u00a0\u00bb css=\u00a0\u00bb.vc_custom_1704218782919{padding-top: 40px !important;background-color: #38c9bf !important;background-position: 0 0 !important;background-repeat: no-repeat !important;}\u00a0\u00bb el_class=\u00a0\u00bbbg-align-right\u00a0\u00bb offset=\u00a0\u00bbvc_col-lg-3 vc_col-md-3 vc_col-xs-12&Prime; woodmart_parallax=\u00a0\u00bb0&Prime; parallax_scroll=\u00a0\u00bbno\u00a0\u00bb woodmart_sticky_column=\u00a0\u00bbfalse\u00a0\u00bb woodmart_css_id=\u00a0\u00bb659450867f947&Prime; wd_collapsible_content_switcher=\u00a0\u00bbno\u00a0\u00bb mobile_bg_img_hidden=\u00a0\u00bbno\u00a0\u00bb tablet_bg_img_hidden=\u00a0\u00bbno\u00a0\u00bb woodmart_box_shadow=\u00a0\u00bbno\u00a0\u00bb mobile_reset_margin=\u00a0\u00bbno\u00a0\u00bb tablet_reset_margin=\u00a0\u00bbno\u00a0\u00bb wd_z_index=\u00a0\u00bbno\u00a0\u00bb responsive_spacing=\u00a0\u00bbeyJwYXJhbV90eXBlIjoid29vZG1hcnRfcmVzcG9uc2l2ZV9zcGFjaW5nIiwic2VsZWN0b3JfaWQiOiI2NTk0NTA4NjdmOTQ3Iiwic2hvcnRjb2RlIjoidmNfY29sdW1uIiwiZGF0YSI6eyJ0YWJsZXQiOnt9LCJtb2JpbGUiOnt9fX0=\u00a0\u00bb wd_column_role_offcanvas_desktop=\u00a0\u00bbno\u00a0\u00bb wd_column_role_offcanvas_tablet=\u00a0\u00bbno\u00a0\u00bb wd_column_role_offcanvas_mobile=\u00a0\u00bbno\u00a0\u00bb wd_column_role_content_desktop=\u00a0\u00bbno\u00a0\u00bb wd_column_role_content_tablet=\u00a0\u00bbno\u00a0\u00bb wd_column_role_content_mobile=\u00a0\u00bbno\u00a0\u00bb][vc_column_text css_animation=\u00a0\u00bbwd-slide-from-top\u00a0\u00bb woodmart_inline=\u00a0\u00bbno\u00a0\u00bb text_larger=\u00a0\u00bbno\u00a0\u00bb]<\/p>\n<p style=\"text-align: center;\">Architecte<\/p>\n<p>[\/vc_column_text][vc_column_text css_animation=\u00a0\u00bbwd-slide-from-bottom\u00a0\u00bb woodmart_inline=\u00a0\u00bbno\u00a0\u00bb text_larger=\u00a0\u00bbno\u00a0\u00bb]<\/p>\n<h4 class=\"p1\" style=\"text-align: center;\">Ara Architectes<\/h4>\n<p>&nbsp;[\/vc_column_text][vc_single_image image=\u00a0\u00bb10339&Prime; img_size=\u00a0\u00bb100X50&Prime; alignment=\u00a0\u00bbcenter\u00a0\u00bb parallax_scroll=\u00a0\u00bbno\u00a0\u00bb woodmart_inline=\u00a0\u00bbno\u00a0\u00bb][vc_empty_space height=\u00a0\u00bb10px\u00a0\u00bb woodmart_hide_large=\u00a0\u00bb0&Prime; woodmart_hide_medium=\u00a0\u00bb0&Prime; woodmart_hide_small=\u00a0\u00bb0&Prime;][\/vc_column][vc_column width=\u00a0\u00bb1\/2&Prime; woodmart_color_scheme=\u00a0\u00bblight\u00a0\u00bb woodmart_bg_position=\u00a0\u00bbright-bottom\u00a0\u00bb css=\u00a0\u00bb.vc_custom_1704218703178{padding-top: 40px !important;background-color: #38c9bf !important;background-position: 0 0 !important;background-repeat: no-repeat !important;}\u00a0\u00bb el_class=\u00a0\u00bbbg-align-right\u00a0\u00bb offset=\u00a0\u00bbvc_col-lg-3 vc_col-md-3 vc_col-xs-12&Prime; woodmart_parallax=\u00a0\u00bb0&Prime; parallax_scroll=\u00a0\u00bbno\u00a0\u00bb woodmart_sticky_column=\u00a0\u00bbfalse\u00a0\u00bb woodmart_css_id=\u00a0\u00bb65944fe23b6ae\u00a0\u00bb wd_collapsible_content_switcher=\u00a0\u00bbno\u00a0\u00bb mobile_bg_img_hidden=\u00a0\u00bbno\u00a0\u00bb tablet_bg_img_hidden=\u00a0\u00bbno\u00a0\u00bb woodmart_box_shadow=\u00a0\u00bbno\u00a0\u00bb mobile_reset_margin=\u00a0\u00bbno\u00a0\u00bb tablet_reset_margin=\u00a0\u00bbno\u00a0\u00bb wd_z_index=\u00a0\u00bbno\u00a0\u00bb responsive_spacing=\u00a0\u00bbeyJwYXJhbV90eXBlIjoid29vZG1hcnRfcmVzcG9uc2l2ZV9zcGFjaW5nIiwic2VsZWN0b3JfaWQiOiI2NTk0NGZlMjNiNmFlIiwic2hvcnRjb2RlIjoidmNfY29sdW1uIiwiZGF0YSI6eyJ0YWJsZXQiOnt9LCJtb2JpbGUiOnt9fX0=\u00a0\u00bb wd_column_role_offcanvas_desktop=\u00a0\u00bbno\u00a0\u00bb wd_column_role_offcanvas_tablet=\u00a0\u00bbno\u00a0\u00bb wd_column_role_offcanvas_mobile=\u00a0\u00bbno\u00a0\u00bb wd_column_role_content_desktop=\u00a0\u00bbno\u00a0\u00bb wd_column_role_content_tablet=\u00a0\u00bbno\u00a0\u00bb wd_column_role_content_mobile=\u00a0\u00bbno\u00a0\u00bb][vc_column_text css_animation=\u00a0\u00bbwd-slide-from-top\u00a0\u00bb woodmart_inline=\u00a0\u00bbno\u00a0\u00bb text_larger=\u00a0\u00bbno\u00a0\u00bb]<\/p>\n<p style=\"text-align: center;\">Livr\u00e9<\/p>\n<p>[\/vc_column_text][vc_column_text css_animation=\u00a0\u00bbwd-slide-from-bottom\u00a0\u00bb woodmart_inline=\u00a0\u00bbno\u00a0\u00bb text_larger=\u00a0\u00bbno\u00a0\u00bb]<\/p>\n<h4 class=\"p1\" style=\"text-align: center;\">D\u00e9cembre 2023<\/h4>\n<p>&nbsp;[\/vc_column_text][vc_icon icon_fontawesome=\u00a0\u00bbfas fa-calendar\u00a0\u00bb color=\u00a0\u00bbwhite\u00a0\u00bb background_style=\u00a0\u00bbrounded-outline\u00a0\u00bb align=\u00a0\u00bbcenter\u00a0\u00bb css_animation=\u00a0\u00bbflipInY\u00a0\u00bb][\/vc_column][\/vc_row][vc_row][vc_column width=\u00a0\u00bb1\/2&Prime;][vc_empty_space height=\u00a0\u00bb14px\u00a0\u00bb woodmart_hide_large=\u00a0\u00bb0&Prime; woodmart_hide_medium=\u00a0\u00bb0&Prime; woodmart_hide_small=\u00a0\u00bb0&Prime;][vc_column_text woodmart_inline=\u00a0\u00bbno\u00a0\u00bb text_larger=\u00a0\u00bbno\u00a0\u00bb]<\/p>\n<h3><span style=\"color: #33cccc;\"><strong>Pr\u00e9sentation du programme:<\/strong><\/span><\/h3>\n<p>Notre programme L&rsquo;EMERGENCE, situ\u00e9 au coeur du site du Parvis 2, \u00e0 Voiron a \u00e9t\u00e9 r\u00e9alis\u00e9 en co-promotion avec la soci\u00e9t\u00e9 BRN.<\/p>\n<p>Compos\u00e9 de 4 b\u00e2timents, ce v\u00e9ritable village d\u2019artisans de 4 592 m\u00b2 a \u00e9t\u00e9 livr\u00e9 en d\u00e9cembre 2023.<\/p>\n<p>Plusieurs soci\u00e9t\u00e9s ont investi les lieux et peuvent profiter d\u2019un cadre de travail exceptionnel, de par sa localisation strat\u00e9gique et aussi par la vue sur les massifs de Belledonne et Chartreuse \u00e0 couper le souffle.<\/p>\n<h4>Les locaux d&rsquo;activit\u00e9<\/h4>\n<p>Con\u00e7u dans le but de r\u00e9pondre aux besoins des artisans, TPE, PME et PMI, nos 19 locaux d&rsquo;activit\u00e9 ont \u00e9t\u00e9 livr\u00e9s brut fluide en attente.<\/p>\n<p>Chaque lot comprend :<\/p>\n<ul>\n<li>6 m de hauteur libre pour les ateliers<\/li>\n<li>Une mezzanine spacieuse, pour la cr\u00e9ation d&rsquo;un espace de bureaux ou pour le stockage en hauteur<\/li>\n<li>Une porte sectionnelle motorisable de 3m sur 3m<\/li>\n<\/ul>\n<p>Des panneaux photovolta\u00efque ont \u00e9t\u00e9 install\u00e9s en toiture.<\/p>\n<h4>Stationnement<\/h4>\n<p>Le site pr\u00e9voit 95 places de stationnements, soit 1 place pour 50 m\u00b2 de surface de plancher. Avec notamment 19 places avec fourreaux en attente pour la pose de bornes de recharges \u00e9lectriques.<\/p>\n<h4><b>Les acc\u00e8s\u00a0<\/b><\/h4>\n<p>A 5min du centre-ville de Voiron<\/p>\n<p>A 20 min de Grenoble<\/p>\n<p>A 1h de Lyon<\/p>\n<h4><strong>Un grand merci \u00e0 SBI, notre contractant g\u00e9n\u00e9ral et \u00e0 nos acqu\u00e9reurs de nous avoir fait confiance sur ce projet !<\/strong><\/h4>\n<p>&nbsp;[\/vc_column_text][vc_single_image image=\u00a0\u00bb10760&Prime; img_size=\u00a0\u00bb200&#215;100&Prime; title=\u00a0\u00bbEn co-promotion avec\u00a0\u00bb parallax_scroll=\u00a0\u00bbno\u00a0\u00bb woodmart_inline=\u00a0\u00bbno\u00a0\u00bb][\/vc_column][vc_column width=\u00a0\u00bb1\/2&Prime;][vc_images_carousel images=\u00a0\u00bb10500,10574,10575,10576,10577,10578,10503&Prime; img_size=\u00a0\u00bblarge\u00a0\u00bb autoplay=\u00a0\u00bbyes\u00a0\u00bb title=\u00a0\u00bbD\u00e9couvrez en images le programme\u00a0\u00bb][vc_separator][vc_video link=\u00a0\u00bbhttps:\/\/youtu.be\/EeK7ITuE0JY\u00a0\u00bb title=\u00a0\u00bbD\u00e9couvrez en vid\u00e9o le programme\u00a0\u00bb woodmart_css_id=\u00a0\u00bb66268a3a089c3&Prime; image_poster_switch=\u00a0\u00bbno\u00a0\u00bb][\/vc_column][\/vc_row][vc_row][vc_column width=\u00a0\u00bb1\/2&Prime;][vc_single_image image=\u00a0\u00bb10762&Prime; img_size=\u00a0\u00bbfull\u00a0\u00bb title=\u00a0\u00bbLe plan masse du parc d&rsquo;activit\u00e9s\u00a0\u00bb parallax_scroll=\u00a0\u00bbno\u00a0\u00bb woodmart_inline=\u00a0\u00bbno\u00a0\u00bb][\/vc_column][vc_column width=\u00a0\u00bb1\/2&Prime;][vc_empty_space height=\u00a0\u00bb8px\u00a0\u00bb woodmart_hide_large=\u00a0\u00bb0&Prime; woodmart_hide_medium=\u00a0\u00bb0&Prime; woodmart_hide_small=\u00a0\u00bb0&Prime;][vc_raw_html]JTNDaWZyYW1lJTIwc3JjJTNEJTIyaHR0cHMlM0ElMkYlMkZ3d3cuZ29vZ2xlLmNvbSUyRm1hcHMlMkZlbWJlZCUzRnBiJTNEJTIxMW0xOCUyMTFtMTIlMjExbTMlMjExZDI4MDMuMjgyODY0MzU2MzclMjEyZDUuNTY3MDgwNDc2MjY4NTElMjEzZDQ1LjM2MzI4Njc3MTA3MjUyNCUyMTJtMyUyMTFmMCUyMTJmMCUyMTNmMCUyMTNtMiUyMTFpMTAyNCUyMTJpNzY4JTIxNGYxMy4xJTIxM20zJTIxMW0yJTIxMXMweDQ3OGFlNjljZWMwMDA3YmQlMjUzQTB4ZDQ0NDI0NWIyZTI4Y2I5JTIxMnNSdWUlMjUyMFJlbiUyNUMzJTI1QTklMjUyMFJhbWJhdWQlMjUyQyUyNTIwMzg1MDAlMjUyMFZvaXJvbiUyMTVlMCUyMTNtMiUyMTFzZnIlMjEyc2ZyJTIxNHYxNzA0NDkzMjc5MjQ2JTIxNW0yJTIxMXNmciUyMTJzZnIlMjIlMjB3aWR0aCUzRCUyMjYwMCUyMiUyMGhlaWdodCUzRCUyMjQ1MCUyMiUyMHN0eWxlJTNEJTIyYm9yZGVyJTNBMCUzQiUyMiUyMGFsbG93ZnVsbHNjcmVlbiUzRCUyMiUyMiUyMGxvYWRpbmclM0QlMjJsYXp5JTIyJTIwcmVmZXJyZXJwb2xpY3klM0QlMjJuby1yZWZlcnJlci13aGVuLWRvd25ncmFkZSUyMiUzRSUzQyUyRmlmcmFtZSUzRQ==[\/vc_raw_html][\/vc_column][\/vc_row][vc_row][vc_column][\/vc_column][\/vc_row]<\/p>\n<\/section>","protected":false},"excerpt":{"rendered":"<p>[vc_row][vc_column][vc_single_image image=\u00a0\u00bb10961&Prime; img_size=\u00a0\u00bblarge\u00a0\u00bb alignment=\u00a0\u00bbcenter\u00a0\u00bb parallax_scroll=\u00a0\u00bbno\u00a0\u00bb woodmart_inline=\u00a0\u00bbno\u00a0\u00bb][\/vc_column][\/vc_row][vc_row full_width=\u00a0\u00bbstretch_row_content\u00a0\u00bb content_placement=\u00a0\u00bbmiddle\u00a0\u00bb css=\u00a0\u00bb.vc_custom_1704263705795{margin-bottom: 80px !important;background-position: 0 0 !important;background-repeat: no-repeat !important;}\u00a0\u00bb woodmart_parallax=\u00a0\u00bb0&Prime; woodmart_gradient_switch=\u00a0\u00bbno\u00a0\u00bb row_reverse_mobile=\u00a0\u00bb0&Prime; row_reverse_tablet=\u00a0\u00bb0&Prime;<\/p>\n","protected":false},"author":1,"featured_media":0,"parent":0,"menu_order":0,"comment_status":"closed","ping_status":"closed","template":"","meta":{"om_disable_all_campaigns":false,"_monsterinsights_skip_tracking":false,"_monsterinsights_sitenote_active":false,"_monsterinsights_sitenote_note":"","_monsterinsights_sitenote_category":0,"footnotes":""},"class_list":["post-10346","page","type-page","status-publish","hentry"],"aioseo_notices":[],"_links":{"self":[{"href":"https:\/\/impactpromotion.fr\/index.php\/wp-json\/wp\/v2\/pages\/10346","targetHints":{"allow":["GET"]}}],"collection":[{"href":"https:\/\/impactpromotion.fr\/index.php\/wp-json\/wp\/v2\/pages"}],"about":[{"href":"https:\/\/impactpromotion.fr\/index.php\/wp-json\/wp\/v2\/types\/page"}],"author":[{"embeddable":true,"href":"https:\/\/impactpromotion.fr\/index.php\/wp-json\/wp\/v2\/users\/1"}],"replies":[{"embeddable":true,"href":"https:\/\/impactpromotion.fr\/index.php\/wp-json\/wp\/v2\/comments?post=10346"}],"version-history":[{"count":23,"href":"https:\/\/impactpromotion.fr\/index.php\/wp-json\/wp\/v2\/pages\/10346\/revisions"}],"predecessor-version":[{"id":10962,"href":"https:\/\/impactpromotion.fr\/index.php\/wp-json\/wp\/v2\/pages\/10346\/revisions\/10962"}],"wp:attachment":[{"href":"https:\/\/impactpromotion.fr\/index.php\/wp-json\/wp\/v2\/media?parent=10346"}],"curies":[{"name":"wp","href":"https:\/\/api.w.org\/{rel}","templated":true}]}}