{"id":10124,"date":"2024-01-01T16:10:01","date_gmt":"2024-01-01T15:10:01","guid":{"rendered":"https:\/\/impactpromotion.fr\/?page_id=10124"},"modified":"2025-09-02T09:50:29","modified_gmt":"2025-09-02T07:50:29","slug":"nos-programme","status":"publish","type":"page","link":"https:\/\/impactpromotion.fr\/index.php\/nos-programme\/","title":{"rendered":"Nos programmes"},"content":{"rendered":"<section class=\"wpb-content-wrapper\"><p>[vc_row][vc_column]\n\t\t<div id=\"wd-68b5a288cbb3a\" class=\"title-wrapper wd-wpb set-mb-s reset-last-child  wd-rs-68b5a288cbb3a wd-title-color-default wd-title-style-default text-center  wd-width-enabled wd-underline-colored\" style=\"--wd-max-width: 70%;\">\n\t\t\t\t\t\t\t<div class=\"title-subtitle  subtitle-color-default font-default subtitle-style-default wd-font-weight-900 wd-fontsize-xs\">NOS PROGRAMMES<\/div>\n\t\t\t\n\t\t\t<div class=\"liner-continer\">\n\t\t\t\t<h4 class=\"woodmart-title-container title  wd-font-weight-500 wd-fontsize-m\" >De la promotion \u00e0 la construction, nous proposons une offre immobili\u00e8re compl\u00e8te et sur mesure pour chaque entreprise<\/h4>\n\t\t\t\t\t\t\t<\/div>\n\t\t\t\n\t\t\t\t\t\t\t<div class=\"title-after_title  set-cont-mb-s reset-last-child  wd-fontsize-xs\">Vos locaux professionnels sur mesure, partout en Auvergne Rh\u00f4ne-Alpes. Trouvez l\u2019implantation qui vous convient :<\/div>\n\t\t\t\n\t\t\t\n\t\t<\/div>\n\t\t\n\t\t[vc_separator color=\u00a0\u00bbturquoise\u00a0\u00bb el_width=\u00a0\u00bb60&Prime; css_animation=\u00a0\u00bbappear\u00a0\u00bb wd_hide_on_desktop=\u00a0\u00bbno\u00a0\u00bb wd_hide_on_tablet=\u00a0\u00bbno\u00a0\u00bb wd_hide_on_mobile=\u00a0\u00bbno\u00a0\u00bb][vc_row_inner][vc_column_inner]\n\t\t<div id=\"wd-68b59eb18c890\" class=\"title-wrapper wd-wpb set-mb-s reset-last-child  wd-rs-68b59eb18c890 wd-title-color-primary wd-title-style-default text-left vc_custom_1756733116602 wd-underline-colored\">\n\t\t\t\n\t\t\t<div class=\"liner-continer\">\n\t\t\t\t<h4 class=\"woodmart-title-container title  wd-font-weight- wd-fontsize-xl\" >Nos programmes en chantier.<\/h4>\n\t\t\t\t\t\t\t<\/div>\n\t\t\t\n\t\t\t\n\t\t\t\n\t\t<\/div>\n\t\t\n\t\t[\/vc_column_inner][\/vc_row_inner][\/vc_column][\/vc_row][vc_row][vc_column css_animation=\u00a0\u00bbwd-slide-from-top\u00a0\u00bb width=\u00a0\u00bb1\/2&Prime; woodmart_css_id=\u00a0\u00bb658011ebdf3c9&Prime; parallax_scroll=\u00a0\u00bbno\u00a0\u00bb woodmart_sticky_column=\u00a0\u00bbfalse\u00a0\u00bb wd_collapsible_content_switcher=\u00a0\u00bbno\u00a0\u00bb wd_column_role_offcanvas_desktop=\u00a0\u00bbno\u00a0\u00bb wd_column_role_offcanvas_tablet=\u00a0\u00bbno\u00a0\u00bb wd_column_role_offcanvas_mobile=\u00a0\u00bbno\u00a0\u00bb wd_column_role_content_desktop=\u00a0\u00bbno\u00a0\u00bb wd_column_role_content_tablet=\u00a0\u00bbno\u00a0\u00bb wd_column_role_content_mobile=\u00a0\u00bbno\u00a0\u00bb mobile_bg_img_hidden=\u00a0\u00bbno\u00a0\u00bb tablet_bg_img_hidden=\u00a0\u00bbno\u00a0\u00bb woodmart_parallax=\u00a0\u00bb0&Prime; woodmart_box_shadow=\u00a0\u00bbno\u00a0\u00bb responsive_spacing=\u00a0\u00bbeyJwYXJhbV90eXBlIjoid29vZG1hcnRfcmVzcG9uc2l2ZV9zcGFjaW5nIiwic2VsZWN0b3JfaWQiOiI2NTgwMTFlYmRmM2M5Iiwic2hvcnRjb2RlIjoidmNfY29sdW1uIiwiZGF0YSI6eyJ0YWJsZXQiOnt9LCJtb2JpbGUiOnt9fX0=\u00a0\u00bb mobile_reset_margin=\u00a0\u00bbno\u00a0\u00bb tablet_reset_margin=\u00a0\u00bbno\u00a0\u00bb wd_z_index=\u00a0\u00bbno\u00a0\u00bb][vc_single_image image=\u00a0\u00bb11005&Prime; img_size=\u00a0\u00bb600&#215;250&Prime; alignment=\u00a0\u00bbcenter\u00a0\u00bb onclick=\u00a0\u00bbcustom_link\u00a0\u00bb css_animation=\u00a0\u00bbfadeInUp\u00a0\u00bb parallax_scroll=\u00a0\u00bbno\u00a0\u00bb woodmart_inline=\u00a0\u00bbno\u00a0\u00bb link=\u00a0\u00bbhttps:\/\/impactpromotion.fr\/index.php\/le-noma\/\u00a0\u00bb][vc_column_text css_animation=\u00a0\u00bbtop-to-bottom\u00a0\u00bb woodmart_inline=\u00a0\u00bbno\u00a0\u00bb text_larger=\u00a0\u00bbno\u00a0\u00bb]<\/p>\n<div>\n<blockquote>\n<h2 class=\"title\"><strong><span style=\"color: #33cccc;\"><span class=\"categ\">LE NOMA &#8211; CHAMB\u00c9RY (73)<\/span><\/span><\/strong><\/h2>\n<\/blockquote>\n<h5 class=\"title\">3 b\u00e2timents d&rsquo;activit\u00e9s<\/h5>\n<\/div>\n<p>&nbsp;[\/vc_column_text][\/vc_column][vc_column css_animation=\u00a0\u00bbwd-slide-from-top\u00a0\u00bb width=\u00a0\u00bb1\/2&Prime; woodmart_css_id=\u00a0\u00bb658011ff1c842&Prime; parallax_scroll=\u00a0\u00bbno\u00a0\u00bb woodmart_sticky_column=\u00a0\u00bbfalse\u00a0\u00bb wd_collapsible_content_switcher=\u00a0\u00bbno\u00a0\u00bb wd_column_role_offcanvas_desktop=\u00a0\u00bbno\u00a0\u00bb wd_column_role_offcanvas_tablet=\u00a0\u00bbno\u00a0\u00bb wd_column_role_offcanvas_mobile=\u00a0\u00bbno\u00a0\u00bb wd_column_role_content_desktop=\u00a0\u00bbno\u00a0\u00bb wd_column_role_content_tablet=\u00a0\u00bbno\u00a0\u00bb wd_column_role_content_mobile=\u00a0\u00bbno\u00a0\u00bb mobile_bg_img_hidden=\u00a0\u00bbno\u00a0\u00bb tablet_bg_img_hidden=\u00a0\u00bbno\u00a0\u00bb woodmart_parallax=\u00a0\u00bb0&Prime; woodmart_box_shadow=\u00a0\u00bbno\u00a0\u00bb responsive_spacing=\u00a0\u00bbeyJwYXJhbV90eXBlIjoid29vZG1hcnRfcmVzcG9uc2l2ZV9zcGFjaW5nIiwic2VsZWN0b3JfaWQiOiI2NTgwMTFmZjFjODQyIiwic2hvcnRjb2RlIjoidmNfY29sdW1uIiwiZGF0YSI6eyJ0YWJsZXQiOnt9LCJtb2JpbGUiOnt9fX0=\u00a0\u00bb mobile_reset_margin=\u00a0\u00bbno\u00a0\u00bb tablet_reset_margin=\u00a0\u00bbno\u00a0\u00bb wd_z_index=\u00a0\u00bbno\u00a0\u00bb][vc_single_image image=\u00a0\u00bb11006&Prime; img_size=\u00a0\u00bb600&#215;250&Prime; onclick=\u00a0\u00bbcustom_link\u00a0\u00bb css_animation=\u00a0\u00bbfadeInUp\u00a0\u00bb parallax_scroll=\u00a0\u00bbno\u00a0\u00bb woodmart_inline=\u00a0\u00bbno\u00a0\u00bb link=\u00a0\u00bbhttps:\/\/impactpromotion.fr\/index.php\/clos-leopoldine\/\u00a0\u00bb][vc_column_text css_animation=\u00a0\u00bbtop-to-bottom\u00a0\u00bb woodmart_color_scheme=\u00a0\u00bblight\u00a0\u00bb woodmart_inline=\u00a0\u00bbno\u00a0\u00bb text_larger=\u00a0\u00bbno\u00a0\u00bb]<\/p>\n<div>\n<blockquote>\n<h2 class=\"title\"><strong><span style=\"color: #33cccc;\"><span class=\"categ\">CLOS LEOPOLDINE &#8211; VALENCE (26)<\/span><\/span><\/strong><\/h2>\n<\/blockquote>\n<h5 class=\"p1\">Activit\u00e9s &amp; bureaux<\/h5>\n<\/div>\n<p><!--more-->[\/vc_column_text][\/vc_column][\/vc_row][vc_row][vc_column width=\u00a0\u00bb1\/2&Prime;][vc_single_image image=\u00a0\u00bb11007&Prime; img_size=\u00a0\u00bb600&#215;250&Prime; onclick=\u00a0\u00bbcustom_link\u00a0\u00bb css_animation=\u00a0\u00bbfadeInUp\u00a0\u00bb parallax_scroll=\u00a0\u00bbno\u00a0\u00bb woodmart_inline=\u00a0\u00bbno\u00a0\u00bb link=\u00a0\u00bbhttps:\/\/impactpromotion.fr\/index.php\/yno-seynod\/\u00a0\u00bb][vc_column_text css_animation=\u00a0\u00bbtop-to-bottom\u00a0\u00bb woodmart_inline=\u00a0\u00bbno\u00a0\u00bb text_larger=\u00a0\u00bbno\u00a0\u00bb]<\/p>\n<div>\n<blockquote>\n<h2 class=\"title\"><strong><span style=\"color: #33cccc;\"><span class=\"categ\">YNO &#8211; SEYNOD (74)<\/span><\/span><\/strong><\/h2>\n<\/blockquote>\n<h5 class=\"p1\">Parc Pr\u00e9nium d&rsquo;activit\u00e9 &amp; de bureaux<\/h5>\n<\/div>\n<p>&nbsp;[\/vc_column_text]\n\t\t<div id=\"wd-68b59efa652d7\" class=\"title-wrapper wd-wpb set-mb-s reset-last-child  wd-rs-68b59efa652d7 wd-title-color-primary wd-title-style-default text-left vc_custom_1756733187833 wd-underline-colored\">\n\t\t\t\n\t\t\t<div class=\"liner-continer\">\n\t\t\t\t<h4 class=\"woodmart-title-container title  wd-font-weight- wd-fontsize-xl\" >Nos programmes en commercialisation.<\/h4>\n\t\t\t\t\t\t\t<\/div>\n\t\t\t\n\t\t\t\n\t\t\t\n\t\t<\/div>\n\t\t\n\t\t[vc_single_image image=\u00a0\u00bb10423&Prime; img_size=\u00a0\u00bb600&#215;250&Prime; onclick=\u00a0\u00bbcustom_link\u00a0\u00bb css_animation=\u00a0\u00bbfadeInUp\u00a0\u00bb parallax_scroll=\u00a0\u00bbno\u00a0\u00bb woodmart_inline=\u00a0\u00bbno\u00a0\u00bb link=\u00a0\u00bbhttps:\/\/impactpromotion.fr\/index.php\/acti-pont\/\u00a0\u00bb][vc_column_text css_animation=\u00a0\u00bbtop-to-bottom\u00a0\u00bb woodmart_inline=\u00a0\u00bbno\u00a0\u00bb text_larger=\u00a0\u00bbno\u00a0\u00bb]<\/p>\n<div>\n<blockquote>\n<h2 class=\"title\"><strong><span style=\"color: #33cccc;\"><span class=\"categ\">ACTI PONT &#8211; LE PONT-DE-BEAUVOISIN (38)<\/span><\/span><\/strong><\/h2>\n<\/blockquote>\n<h5 class=\"p1\">2 b\u00e2timents d&rsquo;activit\u00e9s &amp; commerces<\/h5>\n<\/div>\n<p>&nbsp;[\/vc_column_text][vc_single_image image=\u00a0\u00bb10935&Prime; img_size=\u00a0\u00bb600&#215;250&Prime; onclick=\u00a0\u00bbcustom_link\u00a0\u00bb css_animation=\u00a0\u00bbfadeInUp\u00a0\u00bb parallax_scroll=\u00a0\u00bbno\u00a0\u00bb woodmart_inline=\u00a0\u00bbno\u00a0\u00bb link=\u00a0\u00bbhttps:\/\/impactpromotion.fr\/index.php\/entrelacs-albens\/\u00a0\u00bb][vc_column_text css_animation=\u00a0\u00bbtop-to-bottom\u00a0\u00bb woodmart_inline=\u00a0\u00bbno\u00a0\u00bb text_larger=\u00a0\u00bbno\u00a0\u00bb]<\/p>\n<div>\n<blockquote>\n<h2 class=\"title\"><strong><span style=\"color: #33cccc;\"><span class=\"categ\">ENTRELACS &#8211; ALBENS (73)<\/span><\/span><\/strong><\/h2>\n<\/blockquote>\n<h5 class=\"p1\">Parc d&rsquo;activit\u00e9s sur double niveaux<\/h5>\n<\/div>\n<p>&nbsp;[\/vc_column_text][\/vc_column][vc_column width=\u00a0\u00bb1\/2&Prime;][vc_single_image image=\u00a0\u00bb11008&Prime; img_size=\u00a0\u00bb600&#215;250&Prime; onclick=\u00a0\u00bbcustom_link\u00a0\u00bb css_animation=\u00a0\u00bbfadeInUp\u00a0\u00bb parallax_scroll=\u00a0\u00bbno\u00a0\u00bb woodmart_inline=\u00a0\u00bbno\u00a0\u00bb link=\u00a0\u00bbhttps:\/\/impactpromotion.fr\/index.php\/letang-de-charles\/\u00a0\u00bb][vc_column_text css_animation=\u00a0\u00bbtop-to-bottom\u00a0\u00bb woodmart_inline=\u00a0\u00bbno\u00a0\u00bb text_larger=\u00a0\u00bbno\u00a0\u00bb]<\/p>\n<div>\n<blockquote>\n<h2 class=\"title\"><strong><span style=\"color: #33cccc;\"><span class=\"categ\">ACTI CHARLES &#8211; LES ABRETS EN DAUPHIN\u00c9 (38)<\/span><\/span><\/strong><\/h2>\n<\/blockquote>\n<h5 class=\"p1\">4 b\u00e2timents d&rsquo;activit\u00e9s<\/h5>\n<\/div>\n<p>&nbsp;[\/vc_column_text][vc_empty_space height=\u00a0\u00bb24px\u00a0\u00bb woodmart_hide_large=\u00a0\u00bb0&Prime; woodmart_hide_medium=\u00a0\u00bb0&Prime; woodmart_hide_small=\u00a0\u00bb0&Prime;][vc_single_image image=\u00a0\u00bb10893&Prime; img_size=\u00a0\u00bb600&#215;250&Prime; onclick=\u00a0\u00bbcustom_link\u00a0\u00bb css_animation=\u00a0\u00bbfadeInUp\u00a0\u00bb parallax_scroll=\u00a0\u00bbno\u00a0\u00bb woodmart_inline=\u00a0\u00bbno\u00a0\u00bb link=\u00a0\u00bbhttps:\/\/impactpromotion.fr\/index.php\/athena-thurins\/\u00a0\u00bb][vc_column_text css_animation=\u00a0\u00bbtop-to-bottom\u00a0\u00bb woodmart_inline=\u00a0\u00bbno\u00a0\u00bb text_larger=\u00a0\u00bbno\u00a0\u00bb]<\/p>\n<div>\n<blockquote>\n<h2 class=\"title\"><strong><span style=\"color: #33cccc;\"><span class=\"categ\">ATH\u00c9NA &#8211; THURINS (69)<\/span><\/span><\/strong><\/h2>\n<\/blockquote>\n<h5 class=\"p1\">Village d&rsquo;activit\u00e9s<\/h5>\n<\/div>\n<p>&nbsp;[\/vc_column_text][vc_single_image image=\u00a0\u00bb10512&Prime; img_size=\u00a0\u00bb600&#215;250&Prime; onclick=\u00a0\u00bbcustom_link\u00a0\u00bb css_animation=\u00a0\u00bbfadeInUp\u00a0\u00bb parallax_scroll=\u00a0\u00bbno\u00a0\u00bb woodmart_inline=\u00a0\u00bbno\u00a0\u00bb link=\u00a0\u00bbhttps:\/\/impactpromotion.fr\/index.php\/le-roulet-coublevie\/\u00a0\u00bb][vc_column_text css_animation=\u00a0\u00bbtop-to-bottom\u00a0\u00bb woodmart_inline=\u00a0\u00bbno\u00a0\u00bb text_larger=\u00a0\u00bbno\u00a0\u00bb]<\/p>\n<div>\n<blockquote>\n<h2 class=\"title\"><strong><span style=\"color: #33cccc;\"><span class=\"categ\">LE ROULET &#8211; COUBLEVIE (38)<\/span><\/span><\/strong><\/h2>\n<\/blockquote>\n<h5 class=\"p1\">Activit\u00e9s &amp; bureaux<\/h5>\n<\/div>\n<p>&nbsp;[\/vc_column_text][\/vc_column][\/vc_row][vc_row][vc_column width=\u00a0\u00bb1\/2&Prime;][vc_single_image image=\u00a0\u00bb10431&Prime; img_size=\u00a0\u00bb600&#215;250&Prime; onclick=\u00a0\u00bbcustom_link\u00a0\u00bb css_animation=\u00a0\u00bbfadeInUp\u00a0\u00bb parallax_scroll=\u00a0\u00bbno\u00a0\u00bb woodmart_inline=\u00a0\u00bbno\u00a0\u00bb link=\u00a0\u00bbhttps:\/\/impactpromotion.fr\/index.php\/les-collines\/\u00a0\u00bb][vc_column_text css_animation=\u00a0\u00bbtop-to-bottom\u00a0\u00bb woodmart_inline=\u00a0\u00bbno\u00a0\u00bb text_larger=\u00a0\u00bbno\u00a0\u00bb]<\/p>\n<div>\n<h2 class=\"title\"><strong><span style=\"color: #33cccc;\"><span class=\"categ\">LES COLLINES &#8211; CL\u00c9RIEUX (26)<\/span><\/span><\/strong><\/h2>\n<h5 class=\"p1\">Activit\u00e9<\/h5>\n<\/div>\n<p>&nbsp;[\/vc_column_text][\/vc_column][vc_column width=\u00a0\u00bb1\/2&Prime;][vc_single_image image=\u00a0\u00bb10429&Prime; img_size=\u00a0\u00bb600&#215;250&Prime; onclick=\u00a0\u00bbcustom_link\u00a0\u00bb css_animation=\u00a0\u00bbfadeInUp\u00a0\u00bb parallax_scroll=\u00a0\u00bbno\u00a0\u00bb woodmart_inline=\u00a0\u00bbno\u00a0\u00bb link=\u00a0\u00bbhttps:\/\/impactpromotion.fr\/index.php\/acti-triboulieres\/\u00a0\u00bb][vc_column_text css_animation=\u00a0\u00bbtop-to-bottom\u00a0\u00bb woodmart_inline=\u00a0\u00bbno\u00a0\u00bb text_larger=\u00a0\u00bbno\u00a0\u00bb]<\/p>\n<div>\n<h2 class=\"title\"><strong><span style=\"color: #33cccc;\"><span class=\"categ\">ACTI TRIBOULIERES &#8211; CR\u00c9MIEU (38)<\/span><\/span><\/strong><\/h2>\n<h5 class=\"p1\">Activit\u00e9<\/h5>\n<h4 class=\"title\"><\/h4>\n<\/div>\n<p>&nbsp;[\/vc_column_text][\/vc_column][\/vc_row][vc_row][vc_column width=\u00a0\u00bb1\/2&Prime;][vc_single_image image=\u00a0\u00bb10892&Prime; img_size=\u00a0\u00bb600&#215;250&Prime; onclick=\u00a0\u00bbcustom_link\u00a0\u00bb css_animation=\u00a0\u00bbfadeInUp\u00a0\u00bb parallax_scroll=\u00a0\u00bbno\u00a0\u00bb woodmart_inline=\u00a0\u00bbno\u00a0\u00bb link=\u00a0\u00bbhttps:\/\/impactpromotion.fr\/index.php\/vulbens\/\u00a0\u00bb][vc_column_text css_animation=\u00a0\u00bbtop-to-bottom\u00a0\u00bb woodmart_inline=\u00a0\u00bbno\u00a0\u00bb text_larger=\u00a0\u00bbno\u00a0\u00bb]<\/p>\n<div>\n<h2 class=\"title\"><strong><span style=\"color: #33cccc;\"><span class=\"categ\">L&rsquo;IMPULSION &#8211; VULBENS (74)<\/span><\/span><\/strong><\/h2>\n<h5 class=\"p1\">Activit\u00e9<\/h5>\n<\/div>\n<p>&nbsp;[\/vc_column_text][\/vc_column][vc_column width=\u00a0\u00bb1\/2&Prime;][vc_single_image image=\u00a0\u00bb10451&Prime; img_size=\u00a0\u00bb600&#215;250&Prime; onclick=\u00a0\u00bbcustom_link\u00a0\u00bb css_animation=\u00a0\u00bbfadeInUp\u00a0\u00bb parallax_scroll=\u00a0\u00bbno\u00a0\u00bb woodmart_inline=\u00a0\u00bbno\u00a0\u00bb link=\u00a0\u00bbhttps:\/\/impactpromotion.fr\/index.php\/le-parc-des-eplagnes\/\u00a0\u00bb][vc_column_text css_animation=\u00a0\u00bbtop-to-bottom\u00a0\u00bb woodmart_inline=\u00a0\u00bbno\u00a0\u00bb text_larger=\u00a0\u00bbno\u00a0\u00bb]<\/p>\n<div>\n<h2 class=\"title\"><strong><span style=\"color: #33cccc;\"><span class=\"categ\">LE PARC DES EPLAGNES &#8211; CHARANCIEU (38)<\/span><\/span><\/strong><\/h2>\n<h5 class=\"p1\">Activit\u00e9 &amp; professions lib\u00e9rales<\/h5>\n<\/div>\n<p>&nbsp;[\/vc_column_text][\/vc_column][\/vc_row][vc_row][vc_column width=\u00a0\u00bb1\/2&Prime;][vc_single_image image=\u00a0\u00bb10968&Prime; img_size=\u00a0\u00bb600&#215;250&Prime; onclick=\u00a0\u00bbcustom_link\u00a0\u00bb css_animation=\u00a0\u00bbfadeInUp\u00a0\u00bb parallax_scroll=\u00a0\u00bbno\u00a0\u00bb woodmart_inline=\u00a0\u00bbno\u00a0\u00bb link=\u00a0\u00bbhttps:\/\/impactpromotion.fr\/index.php\/innovchamrousse\/\u00a0\u00bb][vc_column_text css_animation=\u00a0\u00bbtop-to-bottom\u00a0\u00bb woodmart_inline=\u00a0\u00bbno\u00a0\u00bb text_larger=\u00a0\u00bbno\u00a0\u00bb]<\/p>\n<div>\n<h2 class=\"title\"><strong><span style=\"color: #33cccc;\"><span class=\"categ\">INNOV&rsquo;CHAMROUSSE &#8211; CHAMROUSSE (38)<\/span><\/span><\/strong><\/h2>\n<h5 class=\"p1\">Activit\u00e9<\/h5>\n<\/div>\n<p>&nbsp;[\/vc_column_text][\/vc_column][vc_column width=\u00a0\u00bb1\/2&Prime;][vc_single_image image=\u00a0\u00bb10890&Prime; img_size=\u00a0\u00bb600&#215;250&Prime; onclick=\u00a0\u00bbcustom_link\u00a0\u00bb css_animation=\u00a0\u00bbfadeInUp\u00a0\u00bb parallax_scroll=\u00a0\u00bbno\u00a0\u00bb woodmart_inline=\u00a0\u00bbno\u00a0\u00bb link=\u00a0\u00bbhttps:\/\/impactpromotion.fr\/index.php\/le-parc-des-clairivaux\/\u00a0\u00bb][vc_column_text css_animation=\u00a0\u00bbtop-to-bottom\u00a0\u00bb woodmart_inline=\u00a0\u00bbno\u00a0\u00bb text_larger=\u00a0\u00bbno\u00a0\u00bb]<\/p>\n<div>\n<h2 class=\"title\"><strong><span style=\"color: #33cccc;\"><span class=\"categ\">LES CLAIRIVAUX &#8211; SAINT-JUST-DE-CLAIX (38)<\/span><\/span><\/strong><\/h2>\n<h5 class=\"p1\">Activit\u00e9<\/h5>\n<\/div>\n<p>&nbsp;[\/vc_column_text][\/vc_column][\/vc_row][vc_row][vc_column width=\u00a0\u00bb1\/2&Prime;][\/vc_column][\/vc_row]<\/p>\n<\/section>","protected":false},"excerpt":{"rendered":"<p>[vc_row][vc_column][vc_separator color=\u00a0\u00bbturquoise\u00a0\u00bb el_width=\u00a0\u00bb60&Prime; css_animation=\u00a0\u00bbappear\u00a0\u00bb wd_hide_on_desktop=\u00a0\u00bbno\u00a0\u00bb wd_hide_on_tablet=\u00a0\u00bbno\u00a0\u00bb wd_hide_on_mobile=\u00a0\u00bbno\u00a0\u00bb][vc_row_inner][vc_column_inner][\/vc_column_inner][\/vc_row_inner][\/vc_column][\/vc_row][vc_row][vc_column css_animation=\u00a0\u00bbwd-slide-from-top\u00a0\u00bb width=\u00a0\u00bb1\/2&Prime; woodmart_css_id=\u00a0\u00bb658011ebdf3c9&Prime; parallax_scroll=\u00a0\u00bbno\u00a0\u00bb woodmart_sticky_column=\u00a0\u00bbfalse\u00a0\u00bb wd_collapsible_content_switcher=\u00a0\u00bbno\u00a0\u00bb wd_column_role_offcanvas_desktop=\u00a0\u00bbno\u00a0\u00bb wd_column_role_offcanvas_tablet=\u00a0\u00bbno\u00a0\u00bb wd_column_role_offcanvas_mobile=\u00a0\u00bbno\u00a0\u00bb wd_column_role_content_desktop=\u00a0\u00bbno\u00a0\u00bb wd_column_role_content_tablet=\u00a0\u00bbno\u00a0\u00bb wd_column_role_content_mobile=\u00a0\u00bbno\u00a0\u00bb mobile_bg_img_hidden=\u00a0\u00bbno\u00a0\u00bb<\/p>\n","protected":false},"author":1,"featured_media":0,"parent":0,"menu_order":0,"comment_status":"closed","ping_status":"closed","template":"","meta":{"om_disable_all_campaigns":false,"_monsterinsights_skip_tracking":false,"_monsterinsights_sitenote_active":false,"_monsterinsights_sitenote_note":"","_monsterinsights_sitenote_category":0,"footnotes":""},"class_list":["post-10124","page","type-page","status-publish","hentry"],"aioseo_notices":[],"_links":{"self":[{"href":"https:\/\/impactpromotion.fr\/index.php\/wp-json\/wp\/v2\/pages\/10124","targetHints":{"allow":["GET"]}}],"collection":[{"href":"https:\/\/impactpromotion.fr\/index.php\/wp-json\/wp\/v2\/pages"}],"about":[{"href":"https:\/\/impactpromotion.fr\/index.php\/wp-json\/wp\/v2\/types\/page"}],"author":[{"embeddable":true,"href":"https:\/\/impactpromotion.fr\/index.php\/wp-json\/wp\/v2\/users\/1"}],"replies":[{"embeddable":true,"href":"https:\/\/impactpromotion.fr\/index.php\/wp-json\/wp\/v2\/comments?post=10124"}],"version-history":[{"count":76,"href":"https:\/\/impactpromotion.fr\/index.php\/wp-json\/wp\/v2\/pages\/10124\/revisions"}],"predecessor-version":[{"id":11069,"href":"https:\/\/impactpromotion.fr\/index.php\/wp-json\/wp\/v2\/pages\/10124\/revisions\/11069"}],"wp:attachment":[{"href":"https:\/\/impactpromotion.fr\/index.php\/wp-json\/wp\/v2\/media?parent=10124"}],"curies":[{"name":"wp","href":"https:\/\/api.w.org\/{rel}","templated":true}]}}