{"id":10083,"date":"2023-12-19T00:59:18","date_gmt":"2023-12-18T23:59:18","guid":{"rendered":"https:\/\/impactpromotion.fr\/?page_id=10083"},"modified":"2025-09-02T11:01:10","modified_gmt":"2025-09-02T09:01:10","slug":"clos-leopoldine","status":"publish","type":"page","link":"https:\/\/impactpromotion.fr\/index.php\/clos-leopoldine\/","title":{"rendered":"CLOS LEOPOLDINE"},"content":{"rendered":"<section class=\"wpb-content-wrapper\"><p>[vc_row][vc_column][vc_single_image image=\u00a0\u00bb11044&Prime; img_size=\u00a0\u00bblarge\u00a0\u00bb parallax_scroll=\u00a0\u00bbno\u00a0\u00bb woodmart_inline=\u00a0\u00bbno\u00a0\u00bb][\/vc_column][\/vc_row][vc_row][vc_column width=\u00a0\u00bb1\/2&Prime;][vc_column_text woodmart_inline=\u00a0\u00bbno\u00a0\u00bb text_larger=\u00a0\u00bbno\u00a0\u00bb]<\/p>\n<h3><\/h3>\n<h3>Le Clos L\u00e9opoldine \u2013 Bureaux &amp; Locaux d\u2019activit\u00e9s \u00e0 Valence Sud<\/h3>\n<p data-start=\"306\" data-end=\"416\"><strong data-start=\"306\" data-end=\"414\">Un emplacement strat\u00e9gique \u2013 livraison prochainement, contactez-nous pour conna\u00eetre les disponibilit\u00e9s !<\/strong><\/p>\n<p data-start=\"418\" data-end=\"745\">Situ\u00e9 au c\u0153ur de la <strong data-start=\"438\" data-end=\"471\">zone dynamique de Valence Sud<\/strong>, \u00e0 proximit\u00e9 imm\u00e9diate de l\u2019autoroute A7 et d\u2019un axe tr\u00e8s fr\u00e9quent\u00e9, <strong data-start=\"541\" data-end=\"563\">Le Clos L\u00e9opoldine<\/strong> est la nouvelle adresse id\u00e9ale pour implanter et d\u00e9velopper votre entreprise sur Valence !<\/p>\n<p data-start=\"418\" data-end=\"745\">Avec sa mixit\u00e9 <strong data-start=\"659\" data-end=\"682\">activit\u00e9s + bureaux<\/strong>, ce programme allie visibilit\u00e9, accessibilit\u00e9 et modularit\u00e9.<\/p>\n<h3 data-start=\"747\" data-end=\"796\">\ud83d\udd11 Un programme pens\u00e9 pour votre croissance<\/h3>\n<p data-start=\"797\" data-end=\"855\">Compos\u00e9 de <strong data-start=\"808\" data-end=\"823\">2 b\u00e2timents<\/strong>, Le Clos L\u00e9opoldine propose :<\/p>\n<ul data-start=\"856\" data-end=\"1036\">\n<li data-start=\"856\" data-end=\"894\">\n<p data-start=\"858\" data-end=\"894\"><strong data-start=\"858\" data-end=\"892\">1 470 m\u00b2 de locaux d\u2019activit\u00e9s<\/strong><\/p>\n<\/li>\n<li data-start=\"895\" data-end=\"920\">\n<p data-start=\"897\" data-end=\"920\"><strong data-start=\"897\" data-end=\"918\">1 000 m\u00b2 de bureaux<\/strong><\/p>\n<\/li>\n<li data-start=\"921\" data-end=\"1036\">\n<p data-start=\"923\" data-end=\"1036\">Soit un total de <strong data-start=\"940\" data-end=\"981\">2 470 m\u00b2 de surfaces professionnelles<\/strong> parfaitement adapt\u00e9es aux artisans, TPE, PME et PMI.<\/p>\n<\/li>\n<\/ul>\n<h3 data-start=\"1043\" data-end=\"1074\">\ud83d\udd28 Les locaux d\u2019activit\u00e9s<\/h3>\n<p data-start=\"1075\" data-end=\"1149\">Con\u00e7us pour r\u00e9pondre aux besoins des professionnels, les ateliers sont :<\/p>\n<ul data-start=\"1150\" data-end=\"1487\">\n<li data-start=\"1150\" data-end=\"1186\">\n<p data-start=\"1152\" data-end=\"1186\">Divisibles \u00e0 partir de <strong data-start=\"1175\" data-end=\"1184\">87 m\u00b2<\/strong><\/p>\n<\/li>\n<li data-start=\"1187\" data-end=\"1229\">\n<p data-start=\"1189\" data-end=\"1229\">Dot\u00e9s de <strong data-start=\"1198\" data-end=\"1227\">6 m\u00e8tres de hauteur libre<\/strong><\/p>\n<\/li>\n<li data-start=\"1230\" data-end=\"1333\">\n<p data-start=\"1232\" data-end=\"1333\">\u00c9quip\u00e9s d\u2019une <strong data-start=\"1246\" data-end=\"1269\">mezzanine spacieuse<\/strong>, id\u00e9ale pour cr\u00e9er un espace bureaux ou optimiser le stockage<\/p>\n<\/li>\n<li data-start=\"1334\" data-end=\"1402\">\n<p data-start=\"1336\" data-end=\"1402\"><strong data-start=\"1356\" data-end=\"1400\">Porte sectionnelle motorisable (3m x 3m)<\/strong><\/p>\n<\/li>\n<li data-start=\"1403\" data-end=\"1487\">\n<p data-start=\"1405\" data-end=\"1487\">Livr\u00e9s <strong data-start=\"1412\" data-end=\"1440\">brut, fluides en attente<\/strong>, pour laisser libre cours \u00e0 vos am\u00e9nagements<\/p>\n<\/li>\n<\/ul>\n<p>[\/vc_column_text][vc_single_image image=\u00a0\u00bb11046&Prime; img_size=\u00a0\u00bblarge\u00a0\u00bb parallax_scroll=\u00a0\u00bbno\u00a0\u00bb woodmart_inline=\u00a0\u00bbno\u00a0\u00bb][vc_column_text woodmart_inline=\u00a0\u00bbno\u00a0\u00bb text_larger=\u00a0\u00bbno\u00a0\u00bb]<\/p>\n<h3 data-start=\"1494\" data-end=\"1515\">\ud83d\udda5\ufe0f Les bureaux<\/h3>\n<ul data-start=\"1602\" data-end=\"1837\">\n<li data-start=\"1602\" data-end=\"1638\">\n<p data-start=\"1604\" data-end=\"1638\">Divisibles \u00e0 partir de <strong data-start=\"1627\" data-end=\"1636\">72 m\u00b2<\/strong><\/p>\n<\/li>\n<li data-start=\"1639\" data-end=\"1668\">\n<p data-start=\"1641\" data-end=\"1668\">R\u00e9partis sur <strong data-start=\"1654\" data-end=\"1666\">3 \u00e9tages<\/strong><\/p>\n<\/li>\n<li data-start=\"1669\" data-end=\"1766\">\n<p data-start=\"1671\" data-end=\"1766\">Offrant des plateaux modulables : <strong data-start=\"1705\" data-end=\"1764\">bureaux cloisonn\u00e9s, open-space ou espaces collaboratifs<\/strong><\/p>\n<\/li>\n<li data-start=\"1767\" data-end=\"1837\">\n<p data-start=\"1769\" data-end=\"1837\">Pens\u00e9s pour favoriser la productivit\u00e9 et le confort de vos \u00e9quipes<\/p>\n<\/li>\n<\/ul>\n<hr data-start=\"1839\" data-end=\"1842\" \/>\n<h3 data-start=\"1844\" data-end=\"1877\">\ud83d\ude97 Stationnement &amp; services<\/h3>\n<p data-start=\"1878\" data-end=\"1980\">Le site a \u00e9t\u00e9 con\u00e7u pour accueillir vos collaborateurs et visiteurs dans les meilleures conditions :<\/p>\n<ul data-start=\"1981\" data-end=\"2086\">\n<li data-start=\"1981\" data-end=\"2019\">\n<p data-start=\"1983\" data-end=\"2019\"><strong data-start=\"1983\" data-end=\"2017\">53 places de parking ext\u00e9rieur<\/strong><\/p>\n<\/li>\n<li data-start=\"2020\" data-end=\"2086\">\n<p data-start=\"2022\" data-end=\"2086\">Possibilit\u00e9 d\u2019installer des <strong data-start=\"2050\" data-end=\"2084\">bornes de recharge \u00e9lectriques<\/strong><\/p>\n<\/li>\n<\/ul>\n<h3 data-start=\"2093\" data-end=\"2128\"><\/h3>\n<h3 data-start=\"2093\" data-end=\"2128\">\ud83d\udccd Accessibilit\u00e9 &amp; visibilit\u00e9<\/h3>\n<p data-start=\"2129\" data-end=\"2221\">Un emplacement strat\u00e9gique :<\/p>\n<ul data-start=\"2222\" data-end=\"2483\">\n<li data-start=\"2222\" data-end=\"2269\">\n<p data-start=\"2224\" data-end=\"2269\">\u00c0 <strong data-start=\"2226\" data-end=\"2267\">10 minutes du centre-ville de Valence<\/strong><\/p>\n<\/li>\n<li data-start=\"2270\" data-end=\"2313\">\n<p data-start=\"2272\" data-end=\"2313\">En sortie directe de l\u2019<strong data-start=\"2295\" data-end=\"2311\">autoroute A7<\/strong><\/p>\n<\/li>\n<li data-start=\"2314\" data-end=\"2384\">\n<p data-start=\"2316\" data-end=\"2384\">Sur un <strong data-start=\"2323\" data-end=\"2344\">axe \u00e0 fort trafic<\/strong> offrant une visibilit\u00e9 exceptionnelle<\/p>\n<\/li>\n<li data-start=\"2385\" data-end=\"2483\">\n<p data-start=\"2387\" data-end=\"2483\">Desservi par les transports en commun : arr\u00eat de bus <strong data-start=\"2440\" data-end=\"2455\">Victor Hugo<\/strong> (lignes 09, 102E et 220E)<\/p>\n<\/li>\n<\/ul>\n<p>[\/vc_column_text][vc_column_text css_animation=\u00a0\u00bbtop-to-bottom\u00a0\u00bb woodmart_inline=\u00a0\u00bbno\u00a0\u00bb text_larger=\u00a0\u00bbno\u00a0\u00bb]<\/p>\n<h3 class=\"title\"><strong><span style=\"color: #33cccc;\"><span class=\"categ\">CONTACTEZ-NOUS POUR \u00c9CHANGER<\/span><\/span><\/strong><\/h3>\n<h4 class=\"p1\">Aurore HOUSSEMAND &#8211; Responsable commerciale<\/h4>\n<h5>07 67 48 80 88 &#8211; ahoussemand@impactpromotion.fr<\/h5>\n<p>[\/vc_column_text][\/vc_column][vc_column width=\u00a0\u00bb1\/2&Prime;][vc_images_carousel images=\u00a0\u00bb11051&Prime; img_size=\u00a0\u00bb800X400&Prime; speed=\u00a0\u00bb50&Prime; autoplay=\u00a0\u00bbyes\u00a0\u00bb title=\u00a0\u00bbPlan du programme.\u00a0\u00bb][vc_separator][vc_images_carousel images=\u00a0\u00bb11047,11048,11049,11050&Prime; img_size=\u00a0\u00bb800X400&Prime; speed=\u00a0\u00bb50&Prime; autoplay=\u00a0\u00bbyes\u00a0\u00bb title=\u00a0\u00bbAvancement du chantier (ao\u00fbt 2025).\u00a0\u00bb][vc_separator][vc_gmaps link=\u00a0\u00bb#E-8_JTNDaWZyYW1lJTIwc3JjJTNEJTIyaHR0cHMlM0ElMkYlMkZ3d3cuZ29vZ2xlLmNvbSUyRm1hcHMlMkZlbWJlZCUzRnBiJTNEJTIxMW0xOCUyMTFtMTIlMjExbTMlMjExZDcwNi40NDg5NjQ0Njg3OTkxJTIxMmQ0Ljg4MzQxNjI4Njg1NDk5NSUyMTNkNDQuOTA3MTQ4NjMyNTUyNTA2JTIxMm0zJTIxMWYwJTIxMmYwJTIxM2YwJTIxM20yJTIxMWkxMDI0JTIxMmk3NjglMjE0ZjEzLjElMjEzbTMlMjExbTIlMjExczB4NDdmNTU4MTdiZTA2YjI3MyUyNTNBMHhkYmI2NmUyMzljNTBjZDNjJTIxMnNDciUyNUMzJTI1QTlkaXQlMjUyME11dHVlbCUyMTVlMCUyMTNtMiUyMTFzZnIlMjEyc2ZyJTIxNHYxNzEwMjY0MDQ4NTYyJTIxNW0yJTIxMXNmciUyMTJzZnIlMjIlMjB3aWR0aCUzRCUyMjYwMCUyMiUyMGhlaWdodCUzRCUyMjQ1MCUyMiUyMHN0eWxlJTNEJTIyYm9yZGVyJTNBMCUzQiUyMiUyMGFsbG93ZnVsbHNjcmVlbiUzRCUyMiUyMiUyMGxvYWRpbmclM0QlMjJsYXp5JTIyJTIwcmVmZXJyZXJwb2xpY3klM0QlMjJuby1yZWZlcnJlci13aGVuLWRvd25ncmFkZSUyMiUzRSUzQyUyRmlmcmFtZSUzRQ==\u00a0\u00bb][\/vc_column][\/vc_row][vc_row][vc_column width=\u00a0\u00bb1\/2&Prime;][\/vc_column][vc_column width=\u00a0\u00bb1\/2&Prime;][vc_empty_space height=\u00a0\u00bb8px\u00a0\u00bb woodmart_hide_large=\u00a0\u00bb0&Prime; woodmart_hide_medium=\u00a0\u00bb0&Prime; woodmart_hide_small=\u00a0\u00bb0&Prime;][\/vc_column][\/vc_row]<\/p>\n<\/section>","protected":false},"excerpt":{"rendered":"<p>[vc_row][vc_column][vc_single_image image=\u00a0\u00bb11044&Prime; img_size=\u00a0\u00bblarge\u00a0\u00bb parallax_scroll=\u00a0\u00bbno\u00a0\u00bb woodmart_inline=\u00a0\u00bbno\u00a0\u00bb][\/vc_column][\/vc_row][vc_row][vc_column width=\u00a0\u00bb1\/2&Prime;][vc_column_text woodmart_inline=\u00a0\u00bbno\u00a0\u00bb text_larger=\u00a0\u00bbno\u00a0\u00bb] Le Clos L\u00e9opoldine \u2013 Bureaux &amp; Locaux d\u2019activit\u00e9s \u00e0 Valence Sud Un<\/p>\n","protected":false},"author":1,"featured_media":0,"parent":0,"menu_order":0,"comment_status":"closed","ping_status":"closed","template":"","meta":{"om_disable_all_campaigns":false,"_monsterinsights_skip_tracking":false,"_monsterinsights_sitenote_active":false,"_monsterinsights_sitenote_note":"","_monsterinsights_sitenote_category":0,"footnotes":""},"class_list":["post-10083","page","type-page","status-publish","hentry"],"aioseo_notices":[],"_links":{"self":[{"href":"https:\/\/impactpromotion.fr\/index.php\/wp-json\/wp\/v2\/pages\/10083","targetHints":{"allow":["GET"]}}],"collection":[{"href":"https:\/\/impactpromotion.fr\/index.php\/wp-json\/wp\/v2\/pages"}],"about":[{"href":"https:\/\/impactpromotion.fr\/index.php\/wp-json\/wp\/v2\/types\/page"}],"author":[{"embeddable":true,"href":"https:\/\/impactpromotion.fr\/index.php\/wp-json\/wp\/v2\/users\/1"}],"replies":[{"embeddable":true,"href":"https:\/\/impactpromotion.fr\/index.php\/wp-json\/wp\/v2\/comments?post=10083"}],"version-history":[{"count":33,"href":"https:\/\/impactpromotion.fr\/index.php\/wp-json\/wp\/v2\/pages\/10083\/revisions"}],"predecessor-version":[{"id":11053,"href":"https:\/\/impactpromotion.fr\/index.php\/wp-json\/wp\/v2\/pages\/10083\/revisions\/11053"}],"wp:attachment":[{"href":"https:\/\/impactpromotion.fr\/index.php\/wp-json\/wp\/v2\/media?parent=10083"}],"curies":[{"name":"wp","href":"https:\/\/api.w.org\/{rel}","templated":true}]}}