{"id":10063,"date":"2023-12-19T00:09:20","date_gmt":"2023-12-18T23:09:20","guid":{"rendered":"https:\/\/impactpromotion.fr\/?page_id=10063"},"modified":"2025-09-01T18:06:26","modified_gmt":"2025-09-01T16:06:26","slug":"letang-de-charles","status":"publish","type":"page","link":"https:\/\/impactpromotion.fr\/index.php\/letang-de-charles\/","title":{"rendered":"L\u2019ETANG DE CHARLES"},"content":{"rendered":"<section class=\"wpb-content-wrapper\"><p>[vc_row][vc_column][vc_single_image image=\u00a0\u00bb11054&Prime; img_size=\u00a0\u00bbfull\u00a0\u00bb alignment=\u00a0\u00bbcenter\u00a0\u00bb css_animation=\u00a0\u00bbzoomIn\u00a0\u00bb parallax_scroll=\u00a0\u00bbno\u00a0\u00bb woodmart_inline=\u00a0\u00bbno\u00a0\u00bb][\/vc_column][\/vc_row][vc_row][vc_column width=\u00a0\u00bb1\/2&Prime;][vc_column_text woodmart_inline=\u00a0\u00bbno\u00a0\u00bb text_larger=\u00a0\u00bbno\u00a0\u00bb]<\/p>\n<h3><span style=\"color: #33cccc;\"><strong>ACTI CHARLES \u2013 Votre nouvel espace d\u2019activit\u00e9s aux Abrets-en-Dauphin\u00e9<\/strong><\/span><\/h3>\n<div>\n<p data-start=\"397\" data-end=\"639\">Apr\u00e8s le succ\u00e8s de la premi\u00e8re tranche (d\u00e9j\u00e0 en chantier, livraison pr\u00e9vue fin 2025), <strong data-start=\"483\" data-end=\"499\">ACTI CHARLES<\/strong> lance sa deuxi\u00e8me phase avec <strong data-start=\"529\" data-end=\"563\">3 011 m\u00b2 de locaux disponibles<\/strong>, r\u00e9partis en <strong data-start=\"577\" data-end=\"599\">10 lots modulables<\/strong> et divisibles \u00e0 partir de <strong data-start=\"626\" data-end=\"636\">207 m\u00b2<\/strong>.<\/p>\n<p data-start=\"641\" data-end=\"896\">Implant\u00e9 au c\u0153ur de la zone d\u2019activit\u00e9s <strong data-start=\"681\" data-end=\"703\">l\u2019\u00c9tang de Charles<\/strong>, sur la commune des <strong data-start=\"724\" data-end=\"751\">Abrets-en-Dauphin\u00e9 (38)<\/strong>, ce programme b\u00e9n\u00e9ficie d\u2019une belle visibilit\u00e9 gr\u00e2ce \u00e0 son emplacement strat\u00e9gique et au flux constant de v\u00e9hicules sur la <strong data-start=\"884\" data-end=\"893\">D1006<\/strong>.<\/p>\n<h3 data-start=\"903\" data-end=\"951\">\ud83d\udd11 Un projet pens\u00e9 pour les professionnels<\/h3>\n<p data-start=\"952\" data-end=\"1131\">Avec une surface totale de <strong data-start=\"979\" data-end=\"991\">5 005 m\u00b2<\/strong>, ACTI CHARLES r\u00e9pond aux besoins des artisans, TPE, PME et PMI \u00e0 la recherche de locaux modernes, flexibles et adapt\u00e9s \u00e0 leur croissance.<\/p>\n<p data-start=\"952\" data-end=\"1131\"><\/div>\n<h3 data-start=\"1138\" data-end=\"1169\">\ud83d\udd28 Les locaux d\u2019activit\u00e9s<\/h3>\n<p data-start=\"1170\" data-end=\"1239\">Con\u00e7us pour allier praticit\u00e9 et confort, les ateliers comprennent :<\/p>\n<ul data-start=\"1240\" data-end=\"1596\">\n<li data-start=\"1240\" data-end=\"1324\">\n<p data-start=\"1242\" data-end=\"1324\">Des surfaces divisibles \u00e0 partir de <strong data-start=\"1278\" data-end=\"1288\">130 m\u00b2<\/strong> (lots modulables et regroupables)<\/p>\n<\/li>\n<li data-start=\"1325\" data-end=\"1385\">\n<p data-start=\"1327\" data-end=\"1385\"><strong data-start=\"1327\" data-end=\"1356\">6 m\u00e8tres de hauteur libre<\/strong> pour optimiser vos espaces<\/p>\n<\/li>\n<li data-start=\"1386\" data-end=\"1442\">\n<p data-start=\"1388\" data-end=\"1442\">Une <strong data-start=\"1392\" data-end=\"1415\">mezzanine spacieuse<\/strong> pour bureaux ou stockage<\/p>\n<\/li>\n<li data-start=\"1443\" data-end=\"1524\">\n<p data-start=\"1445\" data-end=\"1524\">Une <strong data-start=\"1449\" data-end=\"1483\">porte sectionnelle motorisable<\/strong> (3 x 3 m ou jusqu\u2019\u00e0 3,50 m de hauteur)<\/p>\n<\/li>\n<li data-start=\"1525\" data-end=\"1596\">\n<p data-start=\"1527\" data-end=\"1596\">Livr\u00e9s <strong data-start=\"1534\" data-end=\"1562\">brut, fluides en attente<\/strong>, pour un am\u00e9nagement sur mesure<\/p>\n<\/li>\n<\/ul>\n<p data-start=\"1598\" data-end=\"1733\">\ud83d\udc49 <strong data-start=\"1601\" data-end=\"1639\">Notre ma\u00eetre-mot : la flexibilit\u00e9.<\/strong> Chaque lot peut \u00eatre adapt\u00e9 \u00e0 vos besoins, qu\u2019il s\u2019agisse d\u2019agrandir, diviser ou regrouper.<\/p>\n<p data-start=\"1598\" data-end=\"1733\">Nous vous accompagnons \u00e0 chaque \u00e9tape pour cr\u00e9er des espaces qui vous ressemblent.<em><strong> Demandez d\u00e8s maintenant notre catalogue d\u2019options d&rsquo;am\u00e9nagements<\/strong><\/em><\/p>\n<h3 data-start=\"1740\" data-end=\"1773\">\ud83d\ude97 Stationnement &amp; mobilit\u00e9<\/h3>\n<p data-start=\"1774\" data-end=\"1806\">Pour un confort au quotidien :<\/p>\n<ul data-start=\"1807\" data-end=\"2019\">\n<li data-start=\"1807\" data-end=\"1850\">\n<p data-start=\"1809\" data-end=\"1850\"><strong data-start=\"1809\" data-end=\"1839\">93 places de stationnement<\/strong> au total<\/p>\n<\/li>\n<li data-start=\"1851\" data-end=\"1960\">\n<p data-start=\"1853\" data-end=\"1960\"><strong data-start=\"1853\" data-end=\"1906\">1 place par lot pr\u00e9-\u00e9quip\u00e9e pour borne \u00e9lectrique<\/strong> (fourreau pr\u00e9install\u00e9 pour une installation facile)<\/p>\n<\/li>\n<li data-start=\"1961\" data-end=\"2019\">\n<p data-start=\"1963\" data-end=\"2019\">Accessibilit\u00e9 optimale pour vos \u00e9quipes et vos clients<\/p>\n<\/li>\n<\/ul>\n<hr data-start=\"2021\" data-end=\"2024\" \/>\n<h3 data-start=\"2026\" data-end=\"2061\">\ud83d\udccd Accessibilit\u00e9 &amp; visibilit\u00e9<\/h3>\n<p data-start=\"2062\" data-end=\"2145\">Le parc b\u00e9n\u00e9ficie d\u2019un positionnement privil\u00e9gi\u00e9 en r\u00e9gion Auvergne Rh\u00f4ne-Alpes :<\/p>\n<ul data-start=\"2146\" data-end=\"2283\">\n<li data-start=\"2146\" data-end=\"2188\">\n<p data-start=\"2148\" data-end=\"2188\">\u00c0 <strong data-start=\"2150\" data-end=\"2159\">5 min<\/strong> du centre-ville des Abrets<\/p>\n<\/li>\n<li data-start=\"2189\" data-end=\"2225\">\n<p data-start=\"2191\" data-end=\"2225\">\u00c0 <strong data-start=\"2193\" data-end=\"2203\">30 min<\/strong> de Bourgoin-Jallieu<\/p>\n<\/li>\n<li data-start=\"2226\" data-end=\"2254\">\n<p data-start=\"2228\" data-end=\"2254\">\u00c0 <strong data-start=\"2230\" data-end=\"2240\">35 min<\/strong> de Chamb\u00e9ry<\/p>\n<\/li>\n<li data-start=\"2255\" data-end=\"2283\">\n<p data-start=\"2257\" data-end=\"2283\">\u00c0 <strong data-start=\"2259\" data-end=\"2269\">45 min<\/strong> de Grenoble<\/p>\n<\/li>\n<\/ul>\n<p data-start=\"2285\" data-end=\"2381\">Son implantation strat\u00e9gique en fait une <strong data-start=\"2326\" data-end=\"2378\">adresse id\u00e9ale pour rayonner sur toute la r\u00e9gion<\/strong>.<\/p>\n<h3 data-start=\"139\" data-end=\"175\">Phase 1 \u2013 Derni\u00e8re opportunit\u00e9<\/h3>\n<ul data-start=\"176\" data-end=\"310\">\n<li data-start=\"176\" data-end=\"310\">\n<p data-start=\"178\" data-end=\"310\"><strong data-start=\"178\" data-end=\"188\">Lot A4<\/strong> : plus qu\u2019un seul lot de 187 m\u00b2 de disponible sur la premi\u00e8re tranche (livraison fin 2025).<\/p>\n<\/li>\n<\/ul>\n<h3 data-start=\"312\" data-end=\"353\">Phase 2 \u2013 Encore 5 lots disponibles<\/h3>\n<ul data-start=\"354\" data-end=\"510\">\n<li data-start=\"354\" data-end=\"510\">\n<p data-start=\"356\" data-end=\"510\">Lots <strong data-start=\"361\" data-end=\"385\">C1, C2, C3, C4 et C5<\/strong><\/p>\n<\/li>\n<\/ul>\n<p>&nbsp;[\/vc_column_text][vc_column_text woodmart_inline=\u00a0\u00bbno\u00a0\u00bb text_larger=\u00a0\u00bbno\u00a0\u00bb]<\/p>\n<h3 class=\"title\"><strong><span style=\"color: #33cccc;\"><span class=\"categ\">CONTACTEZ-NOUS POUR \u00c9CHANGER<\/span><\/span><\/strong><\/h3>\n<h4 class=\"p1\">Aurore HOUSSEMAND &#8211; Responsable commerciale<\/h4>\n<h5>07 67 48 80 88 &#8211; ahoussemand@impactpromotion.fr<\/h5>\n<p>&nbsp;[\/vc_column_text][\/vc_column][vc_column width=\u00a0\u00bb1\/2&Prime;][vc_single_image image=\u00a0\u00bb11064&Prime; img_size=\u00a0\u00bblarge\u00a0\u00bb alignment=\u00a0\u00bbcenter\u00a0\u00bb onclick=\u00a0\u00bblink_image\u00a0\u00bb parallax_scroll=\u00a0\u00bbno\u00a0\u00bb woodmart_inline=\u00a0\u00bbno\u00a0\u00bb title=\u00a0\u00bbPlan du programme\u00a0\u00bb][vc_separator wd_hide_on_desktop=\u00a0\u00bbno\u00a0\u00bb wd_hide_on_tablet=\u00a0\u00bbno\u00a0\u00bb wd_hide_on_mobile=\u00a0\u00bbno\u00a0\u00bb][vc_images_carousel images=\u00a0\u00bb11062,11058,11059,11060,11061&Prime; img_size=\u00a0\u00bblarge\u00a0\u00bb title=\u00a0\u00bbAvancement du chantier (phase 1 juillet 2025).\u00a0\u00bb][vc_images_carousel images=\u00a0\u00bb10576,10575,10577,10578,10574&Prime; img_size=\u00a0\u00bblarge\u00a0\u00bb][vc_gmaps link=\u00a0\u00bb#E-8_JTNDaWZyYW1lJTIwc3JjJTNEJTIyaHR0cHMlM0ElMkYlMkZ3d3cuZ29vZ2xlLmNvbSUyRm1hcHMlMkZlbWJlZCUzRnBiJTNEJTIxMW0xOCUyMTFtMTIlMjExbTMlMjExZDE3NDMuMDg5NzUzNzQ5MzgzMSUyMTJkNS41NjAzMzI1MTcxMjY5MjUlMjEzZDQ1LjUzNDkxMzU0MTM2NjY0JTIxMm0zJTIxMWYwJTIxMmYwJTIxM2YwJTIxM20yJTIxMWkxMDI0JTIxMmk3NjglMjE0ZjEzLjElMjEzbTMlMjExbTIlMjExczB4NDc4YjFmMjlhMzZkYWM1MyUyNTNBMHhmNDJmZmViMTI5ZTFmNzA5JTIxMnM3NCUyNTIwUnRlJTI1MjBkZSUyNTIwQ2hhbWIlMjVDMyUyNUE5cnklMjUyQyUyNTIwMzg0OTAlMjUyMExlcyUyNTIwQWJyZXRzJTI1MjBlbiUyNTIwRGF1cGhpbiUyNUMzJTI1QTklMjE1ZTElMjEzbTIlMjExc2ZyJTIxMnNmciUyMTR2MTcxMTEwMjY3MDY1MCUyMTVtMiUyMTFzZnIlMjEyc2ZyJTIyJTIwd2lkdGglM0QlMjI2MDAlMjIlMjBoZWlnaHQlM0QlMjI0NTAlMjIlMjBzdHlsZSUzRCUyMmJvcmRlciUzQTAlM0IlMjIlMjBhbGxvd2Z1bGxzY3JlZW4lM0QlMjIlMjIlMjBsb2FkaW5nJTNEJTIybGF6eSUyMiUyMHJlZmVycmVycG9saWN5JTNEJTIybm8tcmVmZXJyZXItd2hlbi1kb3duZ3JhZGUlMjIlM0UlM0MlMkZpZnJhbWUlM0UlMjIlMjByZWZlcnJlcnBvbGljeSUzRCUyMm5vLXJlZmVycmVyLXdoZW4tZG93bmdyYWRlJTIyJTNFJTNDJTJGaWZyYW1lJTNFd2lkdGglM0QlMjI2MDAlMjIlMjBoZWlnaHQlM0QlMjI0NTAlMjIlMjBzdHlsZSUzRCUyMmJvcmRlciUzQTAlM0IlMjIlMjBhbGxvd2Z1bGxzY3JlZW4lM0QlMjIlMjIlMjBsb2FkaW5nJTNEJTIybGF6eSUyMiUyMHJlZmVycmVycG9saWN5JTNEJTIybm8tcmVmZXJyZXItd2hlbi1kb3duZ3JhZGUlMjIlM0UlM0MlMkZpZnJhbWUlM0V3aWR0aCUzRCUyMjYwMCUyMiUyMGhlaWdodCUzRCUyMjQ1MCUyMiUyMHN0eWxlJTNEJTIyYm9yZGVyJTNBMCUzQiUyMiUyMGFsbG93ZnVsbHNjcmVlbiUzRCUyMiUyMiUyMGxvYWRpbmclM0QlMjJsYXp5JTIyJTIwcmVmZXJyZXJwb2xpY3klM0QlMjJuby1yZWZlcnJlci13aGVuLWRvd25ncmFkZSUyMiUzRSUzQyUyRmlmcmFtZSUzRQ==\u00a0\u00bb size=\u00a0\u00bbmedium\u00a0\u00bb][vc_single_image image=\u00a0\u00bb10772&Prime; img_size=\u00a0\u00bb200&#215;100&Prime; title=\u00a0\u00bbArchitecte du projet\u00a0\u00bb parallax_scroll=\u00a0\u00bbno\u00a0\u00bb woodmart_inline=\u00a0\u00bbno\u00a0\u00bb][\/vc_column][\/vc_row][vc_row][vc_column width=\u00a0\u00bb1\/2&Prime;][vc_empty_space height=\u00a0\u00bb12px\u00a0\u00bb woodmart_hide_large=\u00a0\u00bb0&Prime; woodmart_hide_medium=\u00a0\u00bb0&Prime; woodmart_hide_small=\u00a0\u00bb0&Prime;][\/vc_column][\/vc_row][vc_row][vc_column width=\u00a0\u00bb1\/2&Prime;][\/vc_column][vc_column width=\u00a0\u00bb1\/2&Prime;][\/vc_column][\/vc_row]<\/p>\n<\/section>","protected":false},"excerpt":{"rendered":"<p>[vc_row][vc_column][vc_single_image image=\u00a0\u00bb11054&Prime; img_size=\u00a0\u00bbfull\u00a0\u00bb alignment=\u00a0\u00bbcenter\u00a0\u00bb css_animation=\u00a0\u00bbzoomIn\u00a0\u00bb parallax_scroll=\u00a0\u00bbno\u00a0\u00bb woodmart_inline=\u00a0\u00bbno\u00a0\u00bb][\/vc_column][\/vc_row][vc_row][vc_column width=\u00a0\u00bb1\/2&Prime;][vc_column_text woodmart_inline=\u00a0\u00bbno\u00a0\u00bb text_larger=\u00a0\u00bbno\u00a0\u00bb] ACTI CHARLES \u2013 Votre nouvel espace d\u2019activit\u00e9s aux Abrets-en-Dauphin\u00e9 Apr\u00e8s<\/p>\n","protected":false},"author":1,"featured_media":0,"parent":0,"menu_order":0,"comment_status":"closed","ping_status":"closed","template":"","meta":{"om_disable_all_campaigns":false,"_monsterinsights_skip_tracking":false,"_monsterinsights_sitenote_active":false,"_monsterinsights_sitenote_note":"","_monsterinsights_sitenote_category":0,"footnotes":""},"class_list":["post-10063","page","type-page","status-publish","hentry"],"aioseo_notices":[],"_links":{"self":[{"href":"https:\/\/impactpromotion.fr\/index.php\/wp-json\/wp\/v2\/pages\/10063","targetHints":{"allow":["GET"]}}],"collection":[{"href":"https:\/\/impactpromotion.fr\/index.php\/wp-json\/wp\/v2\/pages"}],"about":[{"href":"https:\/\/impactpromotion.fr\/index.php\/wp-json\/wp\/v2\/types\/page"}],"author":[{"embeddable":true,"href":"https:\/\/impactpromotion.fr\/index.php\/wp-json\/wp\/v2\/users\/1"}],"replies":[{"embeddable":true,"href":"https:\/\/impactpromotion.fr\/index.php\/wp-json\/wp\/v2\/comments?post=10063"}],"version-history":[{"count":44,"href":"https:\/\/impactpromotion.fr\/index.php\/wp-json\/wp\/v2\/pages\/10063\/revisions"}],"predecessor-version":[{"id":11066,"href":"https:\/\/impactpromotion.fr\/index.php\/wp-json\/wp\/v2\/pages\/10063\/revisions\/11066"}],"wp:attachment":[{"href":"https:\/\/impactpromotion.fr\/index.php\/wp-json\/wp\/v2\/media?parent=10063"}],"curies":[{"name":"wp","href":"https:\/\/api.w.org\/{rel}","templated":true}]}}